{"id":3445,"date":"2024-10-30T14:30:35","date_gmt":"2024-10-30T13:30:35","guid":{"rendered":"http:\/\/perfoaqua.com\/?page_id=3445"},"modified":"2025-07-16T18:07:43","modified_gmt":"2025-07-16T16:07:43","slug":"perfoaqua","status":"publish","type":"page","link":"https:\/\/perfoaqua.com\/es\/perfoaqua\/","title":{"rendered":"Perfoaqua"},"content":{"rendered":"\t\t<div data-elementor-type=\"wp-page\" data-elementor-id=\"3445\" class=\"elementor elementor-3445 elementor-916\">\n\t\t\t\t<div class=\"elementor-element elementor-element-2514285 e-con-full e-flex e-con e-parent\" data-id=\"2514285\" data-element_type=\"container\" data-e-type=\"container\">\n\t\t\t\t<div class=\"elementor-element elementor-element-59448d4 titular elementor-widget elementor-widget-text-editor\" data-id=\"59448d4\" data-element_type=\"widget\" data-e-type=\"widget\" data-widget_type=\"text-editor.default\">\n\t\t\t\t<div class=\"elementor-widget-container\">\n\t\t\t\t\t\t\t\t\t<h1 style=\"text-align: center; margin-bottom: 0px;\">Perfoaqua: Empresa de perforaci\u00f3n de pozos de agua<\/h1>\t\t\t\t\t\t\t\t<\/div>\n\t\t\t\t<\/div>\n\t\t\t\t<\/div>\n\t\t<div class=\"elementor-element elementor-element-b0e851e e-flex e-con-boxed e-con e-parent\" data-id=\"b0e851e\" data-element_type=\"container\" data-e-type=\"container\">\n\t\t\t\t\t<div class=\"e-con-inner\">\n\t\t<div class=\"elementor-element elementor-element-6bfd678 e-con-full e-flex e-con e-child\" data-id=\"6bfd678\" data-element_type=\"container\" data-e-type=\"container\">\n\t\t\t\t<div class=\"elementor-element elementor-element-a5aac2d elementor-widget elementor-widget-text-editor\" data-id=\"a5aac2d\" data-element_type=\"widget\" data-e-type=\"widget\" data-widget_type=\"text-editor.default\">\n\t\t\t\t<div class=\"elementor-widget-container\">\n\t\t\t\t\t\t\t\t\t<p><span style=\"font-weight: 400;\">En Perfoaqua creemos firmemente que el agua es un recurso esencial, fundamental para la agricultura, la industria y el bienestar de las personas. Como <\/span>empresa especializada en perforaci\u00f3n de pozos de agua<span style=\"font-weight: 400;\">, nos comprometemos a proporcionar soluciones eficientes para la captaci\u00f3n y gesti\u00f3n de agua subterr\u00e1nea, permitiendo a nuestros clientes hacer un uso responsable de sus recursos h\u00eddricos.<\/span><\/p>\t\t\t\t\t\t\t\t<\/div>\n\t\t\t\t<\/div>\n\t\t\t\t<\/div>\n\t\t\t\t\t<\/div>\n\t\t\t\t<\/div>\n\t\t<div class=\"elementor-element elementor-element-076b81e e-con-full e-flex e-con e-parent\" data-id=\"076b81e\" data-element_type=\"container\" data-e-type=\"container\">\n\t\t\t\t<div class=\"elementor-element elementor-element-8b4106b elementor-widget elementor-widget-prime-slider-mount\" data-id=\"8b4106b\" data-element_type=\"widget\" data-e-type=\"widget\" data-widget_type=\"prime-slider-mount.default\">\n\t\t\t\t<div class=\"elementor-widget-container\">\n\t\t\t\t\t\t\t<div class=\"bdt-prime-slider\">\n\t\t\t<div class=\"bdt-prime-slider-mount\">\n\t\t\t\t<div class=\"bdt-position-relative bdt-visible-toggle\" data-settings=\"{&quot;id&quot;:&quot;#bdt-8b4106b&quot;,&quot;animation_status&quot;:&quot;no&quot;}\" id=\"bdt-8b4106b\" bdt-slideshow=\"{&quot;animation&quot;:&quot;fade&quot;,&quot;ratio&quot;:&quot;16:9&quot;,&quot;min-height&quot;:230,&quot;autoplay&quot;:true,&quot;autoplay-interval&quot;:7000,&quot;pause-on-hover&quot;:false,&quot;velocity&quot;:1,&quot;finite&quot;:false}\">\n\t\t\t\t\t<ul class=\"bdt-slideshow-items\">\n\t\t\t\t\t\t\n            <li class=\"bdt-slideshow-item bdt-flex bdt-flex-middle elementor-repeater-item-7a6ba8b\">\n\n\t\t\t\t\n\t\t\t\t\t\t<div class=\"bdt-ps-slide-img lazyload\"\n\t\t\t\t\t\t\tstyle=\"background-image:inherit\" data-bg-image=\"url(&#039;https:\/\/perfoaqua.com\/wp-content\/uploads\/2025\/03\/Rectangle-42-2-2-2.png&#039;)\"><\/div>\n\n\t\t\t\t\t\t\n\t\t\t\t\t\t\t\t\n\t\t\t\t\t\t\t<div class=\"bdt-prime-slider-content\">\n\n\t\t\t\t\n\t\t\t\t\n\t\t\t<\/div>\n\n        \n            <\/li>\n\n        \n            <li class=\"bdt-slideshow-item bdt-flex bdt-flex-middle elementor-repeater-item-1491cfa\">\n\n\t\t\t\t\n\t\t\t\t\t\t<div class=\"bdt-ps-slide-img lazyload\"\n\t\t\t\t\t\t\tstyle=\"background-image:inherit\" data-bg-image=\"url(&#039;https:\/\/perfoaqua.com\/wp-content\/uploads\/2025\/03\/Rectangle-44-5-1.png&#039;)\"><\/div>\n\n\t\t\t\t\t\t\n\t\t\t\t\t\t\t\t\n\t\t\t\t\t\t\t<div class=\"bdt-prime-slider-content\">\n\n\t\t\t\t\n\t\t\t\t\n\t\t\t<\/div>\n\n        \n            <\/li>\n\n        \n            <li class=\"bdt-slideshow-item bdt-flex bdt-flex-middle elementor-repeater-item-03b768d\">\n\n\t\t\t\t\n\t\t\t\t\t\t<div class=\"bdt-ps-slide-img lazyload\"\n\t\t\t\t\t\t\tstyle=\"background-image:inherit\" data-bg-image=\"url(&#039;https:\/\/perfoaqua.com\/wp-content\/uploads\/2025\/03\/perfoaqua-perforacions-5-1.jpg&#039;)\"><\/div>\n\n\t\t\t\t\t\t\n\t\t\t\t\t\t\t\t\n\t\t\t\t\t\t\t<div class=\"bdt-prime-slider-content\">\n\n\t\t\t\t\n\t\t\t\t\n\t\t\t<\/div>\n\n        \n            <\/li>\n\n        \n                <\/ul>\n\n\t\t\t\t\n        \n            <ul class=\"bdt-ps-dotnav reveal-muted\">\n                                    <li bdt-slideshow-item=\"0\" data-label=\"01\" ><a href=\"#\">01<\/a><\/li>\n                                    <li bdt-slideshow-item=\"1\" data-label=\"02\" ><a href=\"#\">02<\/a><\/li>\n                                    <li bdt-slideshow-item=\"2\" data-label=\"03\" ><a href=\"#\">03<\/a><\/li>\n                \n                <span>03<\/span>\n            <\/ul>\n\n        \n        \t\t\t\t\n\t\t\t\t<div class=\"bdt-navigation-arrows reveal-muted\">\n\t\t\t<a class=\"bdt-prime-slider-previous\" href=\"#\" bdt-slidenav-previous bdt-slideshow-item=\"previous\"><\/a>\n\t\t\t<a class=\"bdt-prime-slider-next\" href=\"#\" bdt-slidenav-next bdt-slideshow-item=\"next\"><\/a>\n\t\t<\/div>\n\t\t\n\t\t\t\t\t\t\n            <\/div>\n\t\t\t\t\t<\/div>\n\t\t<\/div>\n        \t\t\t\t<\/div>\n\t\t\t\t<\/div>\n\t\t\t\t<\/div>\n\t\t<div class=\"elementor-element elementor-element-94236cb e-flex e-con-boxed e-con e-parent\" data-id=\"94236cb\" data-element_type=\"container\" data-e-type=\"container\">\n\t\t\t\t\t<div class=\"e-con-inner\">\n\t\t<div class=\"elementor-element elementor-element-ef76270 e-con-full e-flex e-con e-child\" data-id=\"ef76270\" data-element_type=\"container\" data-e-type=\"container\">\n\t\t\t\t<div class=\"elementor-element elementor-element-35fe517 elementor-widget elementor-widget-heading\" data-id=\"35fe517\" data-element_type=\"widget\" data-e-type=\"widget\" data-widget_type=\"heading.default\">\n\t\t\t\t<div class=\"elementor-widget-container\">\n\t\t\t\t\t<h2 class=\"elementor-heading-title elementor-size-default\">Nuestros servicios como empresa de perforaci\u00f3n de pozos de agua \n<\/h2>\t\t\t\t<\/div>\n\t\t\t\t<\/div>\n\t\t\t\t<div class=\"elementor-element elementor-element-da91ad4 elementor-widget elementor-widget-text-editor\" data-id=\"da91ad4\" data-element_type=\"widget\" data-e-type=\"widget\" data-widget_type=\"text-editor.default\">\n\t\t\t\t<div class=\"elementor-widget-container\">\n\t\t\t\t\t\t\t\t\t<p><span style=\"font-weight: 400;\">Ofrecemos un servicio integral, desde la detecci\u00f3n de agua subterr\u00e1nea hasta la perforaci\u00f3n de pozos de aguas, el montaje de bombas, la gesti\u00f3n de los recursos h\u00eddricos y la obtenci\u00f3n de los permisos necesarios, ayudando a\u00a0 contribuir a la preservaci\u00f3n de este bien tan valioso.<\/span><\/p><p><span style=\"font-weight: 400;\">Trabajamos con tecnolog\u00eda de vanguardia y maquinaria especializada adaptada a todo tipo de terrenos, que nos permiten operar tanto en proyectos privados como p\u00fablicos.\u00a0<\/span><\/p><p><span style=\"font-weight: 400;\">Algunas de nuestras soluciones m\u00e1s destacadas son:<\/span><\/p><ul><li style=\"font-weight: 400;\" aria-level=\"1\"><b>An\u00e1lisis del terreno y localizaci\u00f3n de agua<\/b><span style=\"font-weight: 400;\">: Realizamos estudios geol\u00f3gicos e hidrogeol\u00f3gicos para identificar la presencia y viabilidad del agua subterr\u00e1nea, empleando tecnolog\u00eda avanzada como sondeos el\u00e9ctricos y tomograf\u00edas.<\/span><\/li><li style=\"font-weight: 400;\" aria-level=\"1\"><b>Sondeos y perforaciones especializadas<\/b><span style=\"font-weight: 400;\">: Utilizamos maquinaria de \u00faltima generaci\u00f3n para llevar a cabo perforaciones en distintos tipos de suelos, permitiendo aplicaciones diversas como captaci\u00f3n de agua, captaci\u00f3n de energia (geotermia) y\u00a0 cimentaciones.\u00a0<\/span><\/li><li style=\"font-weight: 400;\" aria-level=\"1\"><span style=\"font-weight: 400;\">\u00a0<\/span><b>Instalaci\u00f3n, mantenimiento y optimizaci\u00f3n de sistemas h\u00eddricos<\/b><span style=\"font-weight: 400;\">: Ofrecemos servicios de instalaci\u00f3n, mantenimiento y reparaci\u00f3n de bombas de agua, garantizando su eficiencia y prolongando su vida \u00fatil.<\/span><\/li><\/ul><p><span style=\"font-weight: 400;\">\u00a0<\/span><\/p><p><span style=\"font-weight: 400;\">Cada pozo que perforamos, cada bomba de agua que instalamos y cada sistema de almacenamiento que montamos est\u00e1 dise\u00f1ado para maximizar su eficiencia y evitar el desperdicio.<\/span><\/p><p><span style=\"font-weight: 400;\">Nuestros servicios llave en mano garantizan que el cliente no tenga que preocuparse de nada: nosotros nos encargamos de todo el proceso, incluyendo la legalizaci\u00f3n del pozo y la obtenci\u00f3n de los permisos necesarios.<\/span><\/p><p><span style=\"font-weight: 400;\">Con m\u00e1s de 30 a\u00f1os de experiencia en el sector y con m\u00e1s de 1.500 proyectos completados, somos un referente en el sector de las <\/span>empresas perforadoras de pozos <span style=\"font-weight: 400;\">gracias a la calidad, rapidez y efectividad de nuestros trabajos. Disponemos de un equipo altamente cualificado, preparado para brindar el asesoramiento t\u00e9cnico que nuestros clientes necesitan, ofreciendo soluciones adaptadas a particulares, empresas y administraciones p\u00fablicas.\u00a0 Siempre comprometidos con la sostenibilidad y el respeto por el medio ambiente.<\/span><\/p><p><span style=\"font-weight: 400;\">Nuestras oficinas comerciales nos permiten estar cerca de nuestros clientes, ofrecerles una atenci\u00f3n personalizada y un asesoramiento t\u00e9cnico de confianza.<\/span><\/p><p><span style=\"font-weight: 400;\">Si buscas una empresa confiable y con una amplia experiencia en la perforaci\u00f3n de pozos de agua, cont\u00e1ctanos sin compromiso y descubre c\u00f3mo podemos ayudarte en tu proyecto.\u00a0\u00a0<\/span><\/p>\t\t\t\t\t\t\t\t<\/div>\n\t\t\t\t<\/div>\n\t\t\t\t<\/div>\n\t\t\t\t\t<\/div>\n\t\t\t\t<\/div>\n\t\t\t\t<\/div>\n\t\t","protected":false},"excerpt":{"rendered":"<p>Perfoaqua: Empresa de perforaci\u00f3n de pozos de agua En Perfoaqua creemos firmemente que el agua es un recurso esencial, fundamental para la agricultura, la industria y el bienestar de las personas. Como empresa especializada en perforaci\u00f3n de pozos de agua, nos comprometemos a proporcionar soluciones eficientes para la captaci\u00f3n y gesti\u00f3n de agua subterr\u00e1nea, permitiendo [&hellip;]<\/p>\n","protected":false},"author":3,"featured_media":0,"parent":0,"menu_order":0,"comment_status":"closed","ping_status":"open","template":"","meta":{"footnotes":""},"class_list":["post-3445","page","type-page","status-publish","hentry"],"yoast_head":"<!-- This site is optimized with the Yoast SEO plugin v27.3 - https:\/\/yoast.com\/product\/yoast-seo-wordpress\/ -->\n<title>Perfoaqua: Empresa de perforaci\u00f3n de pozos de agua<\/title>\n<meta name=\"description\" content=\"Perfoaqua: Empresa de perforaci\u00f3n de pozos de agua. Soluciones eficientes y sostenibles para captar y gestionar recursos h\u00eddricos.\" \/>\n<meta name=\"robots\" content=\"index, follow, max-snippet:-1, max-image-preview:large, max-video-preview:-1\" \/>\n<link rel=\"canonical\" href=\"https:\/\/perfoaqua.com\/es\/perfoaqua\/\" \/>\n<meta property=\"og:locale\" content=\"es_ES\" \/>\n<meta property=\"og:type\" content=\"article\" \/>\n<meta property=\"og:title\" content=\"Perfoaqua: Empresa de perforaci\u00f3n de pozos de agua\" \/>\n<meta property=\"og:description\" content=\"Perfoaqua: Empresa de perforaci\u00f3n de pozos de agua. Soluciones eficientes y sostenibles para captar y gestionar recursos h\u00eddricos.\" \/>\n<meta property=\"og:url\" content=\"https:\/\/perfoaqua.com\/es\/perfoaqua\/\" \/>\n<meta property=\"og:site_name\" content=\"Perfoaqua\" \/>\n<meta property=\"article:modified_time\" content=\"2025-07-16T16:07:43+00:00\" \/>\n<meta name=\"twitter:card\" content=\"summary_large_image\" \/>\n<meta name=\"twitter:label1\" content=\"Tiempo de lectura\" \/>\n\t<meta name=\"twitter:data1\" content=\"2 minutos\" \/>\n<script type=\"application\/ld+json\" class=\"yoast-schema-graph\">{\"@context\":\"https:\\\/\\\/schema.org\",\"@graph\":[{\"@type\":\"WebPage\",\"@id\":\"https:\\\/\\\/perfoaqua.com\\\/es\\\/perfoaqua\\\/\",\"url\":\"https:\\\/\\\/perfoaqua.com\\\/es\\\/perfoaqua\\\/\",\"name\":\"Perfoaqua: Empresa de perforaci\u00f3n de pozos de agua\",\"isPartOf\":{\"@id\":\"https:\\\/\\\/perfoaqua.com\\\/es\\\/#website\"},\"datePublished\":\"2024-10-30T13:30:35+00:00\",\"dateModified\":\"2025-07-16T16:07:43+00:00\",\"description\":\"Perfoaqua: Empresa de perforaci\u00f3n de pozos de agua. Soluciones eficientes y sostenibles para captar y gestionar recursos h\u00eddricos.\",\"breadcrumb\":{\"@id\":\"https:\\\/\\\/perfoaqua.com\\\/es\\\/perfoaqua\\\/#breadcrumb\"},\"inLanguage\":\"es\",\"potentialAction\":[{\"@type\":\"ReadAction\",\"target\":[\"https:\\\/\\\/perfoaqua.com\\\/es\\\/perfoaqua\\\/\"]}]},{\"@type\":\"BreadcrumbList\",\"@id\":\"https:\\\/\\\/perfoaqua.com\\\/es\\\/perfoaqua\\\/#breadcrumb\",\"itemListElement\":[{\"@type\":\"ListItem\",\"position\":1,\"name\":\"Portada\",\"item\":\"https:\\\/\\\/perfoaqua.com\\\/es\\\/\"},{\"@type\":\"ListItem\",\"position\":2,\"name\":\"Perfoaqua\"}]},{\"@type\":\"WebSite\",\"@id\":\"https:\\\/\\\/perfoaqua.com\\\/es\\\/#website\",\"url\":\"https:\\\/\\\/perfoaqua.com\\\/es\\\/\",\"name\":\"Perfoaqua\",\"description\":\"\",\"publisher\":{\"@id\":\"https:\\\/\\\/perfoaqua.com\\\/es\\\/#organization\"},\"potentialAction\":[{\"@type\":\"SearchAction\",\"target\":{\"@type\":\"EntryPoint\",\"urlTemplate\":\"https:\\\/\\\/perfoaqua.com\\\/es\\\/?s={search_term_string}\"},\"query-input\":{\"@type\":\"PropertyValueSpecification\",\"valueRequired\":true,\"valueName\":\"search_term_string\"}}],\"inLanguage\":\"es\"},{\"@type\":\"Organization\",\"@id\":\"https:\\\/\\\/perfoaqua.com\\\/es\\\/#organization\",\"name\":\"Projectes de perforaci\u00f3 de pous d'aigua\",\"url\":\"https:\\\/\\\/perfoaqua.com\\\/es\\\/\",\"logo\":{\"@type\":\"ImageObject\",\"inLanguage\":\"es\",\"@id\":\"https:\\\/\\\/perfoaqua.com\\\/es\\\/#\\\/schema\\\/logo\\\/image\\\/\",\"url\":\"https:\\\/\\\/perfoaqua.com\\\/wp-content\\\/uploads\\\/2025\\\/12\\\/isotip.png\",\"contentUrl\":\"https:\\\/\\\/perfoaqua.com\\\/wp-content\\\/uploads\\\/2025\\\/12\\\/isotip.png\",\"width\":350,\"height\":350,\"caption\":\"Projectes de perforaci\u00f3 de pous d'aigua\"},\"image\":{\"@id\":\"https:\\\/\\\/perfoaqua.com\\\/es\\\/#\\\/schema\\\/logo\\\/image\\\/\"},\"sameAs\":[\"https:\\\/\\\/www.instagram.com\\\/perfoaqua.com_\\\/\"]}]}<\/script>\n<!-- \/ Yoast SEO plugin. -->","yoast_head_json":{"title":"Perfoaqua: Empresa de perforaci\u00f3n de pozos de agua","description":"Perfoaqua: Empresa de perforaci\u00f3n de pozos de agua. Soluciones eficientes y sostenibles para captar y gestionar recursos h\u00eddricos.","robots":{"index":"index","follow":"follow","max-snippet":"max-snippet:-1","max-image-preview":"max-image-preview:large","max-video-preview":"max-video-preview:-1"},"canonical":"https:\/\/perfoaqua.com\/es\/perfoaqua\/","og_locale":"es_ES","og_type":"article","og_title":"Perfoaqua: Empresa de perforaci\u00f3n de pozos de agua","og_description":"Perfoaqua: Empresa de perforaci\u00f3n de pozos de agua. Soluciones eficientes y sostenibles para captar y gestionar recursos h\u00eddricos.","og_url":"https:\/\/perfoaqua.com\/es\/perfoaqua\/","og_site_name":"Perfoaqua","article_modified_time":"2025-07-16T16:07:43+00:00","twitter_card":"summary_large_image","twitter_misc":{"Tiempo de lectura":"2 minutos"},"schema":{"@context":"https:\/\/schema.org","@graph":[{"@type":"WebPage","@id":"https:\/\/perfoaqua.com\/es\/perfoaqua\/","url":"https:\/\/perfoaqua.com\/es\/perfoaqua\/","name":"Perfoaqua: Empresa de perforaci\u00f3n de pozos de agua","isPartOf":{"@id":"https:\/\/perfoaqua.com\/es\/#website"},"datePublished":"2024-10-30T13:30:35+00:00","dateModified":"2025-07-16T16:07:43+00:00","description":"Perfoaqua: Empresa de perforaci\u00f3n de pozos de agua. Soluciones eficientes y sostenibles para captar y gestionar recursos h\u00eddricos.","breadcrumb":{"@id":"https:\/\/perfoaqua.com\/es\/perfoaqua\/#breadcrumb"},"inLanguage":"es","potentialAction":[{"@type":"ReadAction","target":["https:\/\/perfoaqua.com\/es\/perfoaqua\/"]}]},{"@type":"BreadcrumbList","@id":"https:\/\/perfoaqua.com\/es\/perfoaqua\/#breadcrumb","itemListElement":[{"@type":"ListItem","position":1,"name":"Portada","item":"https:\/\/perfoaqua.com\/es\/"},{"@type":"ListItem","position":2,"name":"Perfoaqua"}]},{"@type":"WebSite","@id":"https:\/\/perfoaqua.com\/es\/#website","url":"https:\/\/perfoaqua.com\/es\/","name":"Perfoaqua","description":"","publisher":{"@id":"https:\/\/perfoaqua.com\/es\/#organization"},"potentialAction":[{"@type":"SearchAction","target":{"@type":"EntryPoint","urlTemplate":"https:\/\/perfoaqua.com\/es\/?s={search_term_string}"},"query-input":{"@type":"PropertyValueSpecification","valueRequired":true,"valueName":"search_term_string"}}],"inLanguage":"es"},{"@type":"Organization","@id":"https:\/\/perfoaqua.com\/es\/#organization","name":"Projectes de perforaci\u00f3 de pous d'aigua","url":"https:\/\/perfoaqua.com\/es\/","logo":{"@type":"ImageObject","inLanguage":"es","@id":"https:\/\/perfoaqua.com\/es\/#\/schema\/logo\/image\/","url":"https:\/\/perfoaqua.com\/wp-content\/uploads\/2025\/12\/isotip.png","contentUrl":"https:\/\/perfoaqua.com\/wp-content\/uploads\/2025\/12\/isotip.png","width":350,"height":350,"caption":"Projectes de perforaci\u00f3 de pous d'aigua"},"image":{"@id":"https:\/\/perfoaqua.com\/es\/#\/schema\/logo\/image\/"},"sameAs":["https:\/\/www.instagram.com\/perfoaqua.com_\/"]}]}},"_links":{"self":[{"href":"https:\/\/perfoaqua.com\/es\/wp-json\/wp\/v2\/pages\/3445","targetHints":{"allow":["GET"]}}],"collection":[{"href":"https:\/\/perfoaqua.com\/es\/wp-json\/wp\/v2\/pages"}],"about":[{"href":"https:\/\/perfoaqua.com\/es\/wp-json\/wp\/v2\/types\/page"}],"author":[{"embeddable":true,"href":"https:\/\/perfoaqua.com\/es\/wp-json\/wp\/v2\/users\/3"}],"replies":[{"embeddable":true,"href":"https:\/\/perfoaqua.com\/es\/wp-json\/wp\/v2\/comments?post=3445"}],"version-history":[{"count":36,"href":"https:\/\/perfoaqua.com\/es\/wp-json\/wp\/v2\/pages\/3445\/revisions"}],"predecessor-version":[{"id":10191,"href":"https:\/\/perfoaqua.com\/es\/wp-json\/wp\/v2\/pages\/3445\/revisions\/10191"}],"wp:attachment":[{"href":"https:\/\/perfoaqua.com\/es\/wp-json\/wp\/v2\/media?parent=3445"}],"curies":[{"name":"wp","href":"https:\/\/api.w.org\/{rel}","templated":true}]}}