{"id":5073,"date":"2024-10-30T16:38:25","date_gmt":"2024-10-30T15:38:25","guid":{"rendered":"http:\/\/perfoaqua.com\/?page_id=5073"},"modified":"2025-07-08T14:59:25","modified_gmt":"2025-07-08T12:59:25","slug":"contacto","status":"publish","type":"page","link":"https:\/\/perfoaqua.com\/es\/contacto\/","title":{"rendered":"Contacto"},"content":{"rendered":"\t\t<div data-elementor-type=\"wp-page\" data-elementor-id=\"5073\" class=\"elementor elementor-5073 elementor-1006\">\n\t\t\t\t<div class=\"elementor-element elementor-element-2514285 e-con-full e-flex e-con e-parent\" data-id=\"2514285\" data-element_type=\"container\" data-e-type=\"container\">\n\t\t\t\t<div class=\"elementor-element elementor-element-59448d4 titular contacte-titular elementor-widget elementor-widget-text-editor\" data-id=\"59448d4\" data-element_type=\"widget\" data-e-type=\"widget\" data-widget_type=\"text-editor.default\">\n\t\t\t\t<div class=\"elementor-widget-container\">\n\t\t\t\t\t\t\t\t\t<h1 style=\"margin-bottom: 0px;\">\u00bfCrees que podemos ayudarte?<\/h1>\t\t\t\t\t\t\t\t<\/div>\n\t\t\t\t<\/div>\n\t\t\t\t<\/div>\n\t\t<div class=\"elementor-element elementor-element-b0e851e e-con-full contacte-text e-flex e-con e-parent\" data-id=\"b0e851e\" data-element_type=\"container\" data-e-type=\"container\">\n\t\t<div class=\"elementor-element elementor-element-6bfd678 e-con-full e-flex e-con e-child\" data-id=\"6bfd678\" data-element_type=\"container\" data-e-type=\"container\">\n\t\t\t\t<div class=\"elementor-element elementor-element-db1817a elementor-widget elementor-widget-text-editor\" data-id=\"db1817a\" data-element_type=\"widget\" data-e-type=\"widget\" data-widget_type=\"text-editor.default\">\n\t\t\t\t<div class=\"elementor-widget-container\">\n\t\t\t\t\t\t\t\t\t<p>Si tienes alg\u00fan proyecto o duda sobre c\u00f3mo aprovechar el agua subterr\u00e1nea, nuestro equipo t\u00e9cnico est\u00e1 a tu disposici\u00f3n para asesorarte. Puedes contactarnos a trav\u00e9s del formulario, correo electr\u00f3nico o por tel\u00e9fono.<\/p>\n<p>P\u00eddenos un presupuesto sin compromiso.<\/p>\t\t\t\t\t\t\t\t<\/div>\n\t\t\t\t<\/div>\n\t\t\t\t<\/div>\n\t\t\t\t<\/div>\n\t\t<div class=\"elementor-element elementor-element-a6dad01 e-con-full e-flex e-con e-parent\" data-id=\"a6dad01\" data-element_type=\"container\" data-e-type=\"container\">\n\t\t<div class=\"elementor-element elementor-element-fc19d7b e-con-full info-contact e-flex e-con e-child\" data-id=\"fc19d7b\" data-element_type=\"container\" data-e-type=\"container\">\n\t\t\t\t<div class=\"elementor-element elementor-element-ffe0e54 elementor-widget elementor-widget-text-editor\" data-id=\"ffe0e54\" data-element_type=\"widget\" data-e-type=\"widget\" data-widget_type=\"text-editor.default\">\n\t\t\t\t<div class=\"elementor-widget-container\">\n\t\t\t\t\t\t\t\t\t<p><strong>Perfoaqua Vic<\/strong><br \/>Cam\u00ed de la Tolosa 9<br \/>P.I. Sot dels Pradals<br \/>08500 Vic (Barcelona)<br \/>T <a href=\"tel:+34934118900\">934 118 900<\/a><\/p><p><strong>Perfoaqua Girona<\/strong><br \/>C. Nou 12<br \/>17001 Girona (Girona)<br \/>T <a href=\"tel:+34663073998\">663 073 998<\/a><\/p><p><a href=\"mailto:info@perfoaqua.com\">info@perfoaqua.com<\/a><\/p><p>Atenci\u00f3n en horas<br \/>convenidas.<\/p>\t\t\t\t\t\t\t\t<\/div>\n\t\t\t\t<\/div>\n\t\t\t\t<\/div>\n\t\t<div class=\"elementor-element elementor-element-e251e3c e-con-full e-flex e-con e-child\" data-id=\"e251e3c\" data-element_type=\"container\" data-e-type=\"container\">\n\t\t\t\t<div class=\"elementor-element elementor-element-9741311 elementor-widget elementor-widget-text-editor\" data-id=\"9741311\" data-element_type=\"widget\" data-e-type=\"widget\" data-widget_type=\"text-editor.default\">\n\t\t\t\t<div class=\"elementor-widget-container\">\n\t\t\t\t\t\t\t\t\t\n<div class=\"wpcf7 no-js\" id=\"wpcf7-f5265-o1\" lang=\"es-ES\" dir=\"ltr\" data-wpcf7-id=\"5265\">\n<div class=\"screen-reader-response\"><p role=\"status\" aria-live=\"polite\" aria-atomic=\"true\"><\/p> <ul><\/ul><\/div>\n<form action=\"\/es\/wp-json\/wp\/v2\/pages\/5073#wpcf7-f5265-o1\" method=\"post\" class=\"wpcf7-form init\" aria-label=\"Formulario de contacto\" novalidate=\"novalidate\" data-status=\"init\">\n<fieldset class=\"hidden-fields-container\"><input type=\"hidden\" name=\"_wpcf7\" value=\"5265\" \/><input type=\"hidden\" name=\"_wpcf7_version\" value=\"6.1.5\" \/><input type=\"hidden\" name=\"_wpcf7_locale\" value=\"es_ES\" \/><input type=\"hidden\" name=\"_wpcf7_unit_tag\" value=\"wpcf7-f5265-o1\" \/><input type=\"hidden\" name=\"_wpcf7_container_post\" value=\"0\" \/><input type=\"hidden\" name=\"_wpcf7_posted_data_hash\" value=\"\" \/><input type=\"hidden\" name=\"_wpcf7_recaptcha_response\" value=\"\" \/>\n<\/fieldset>\n<p><label> Nombre y Apellidos<br \/>\n<span class=\"wpcf7-form-control-wrap\" data-name=\"your-name\"><input size=\"40\" maxlength=\"400\" class=\"wpcf7-form-control wpcf7-text wpcf7-validates-as-required\" autocomplete=\"name\" aria-required=\"true\" aria-invalid=\"false\" value=\"\" type=\"text\" name=\"your-name\" \/><\/span> <\/label>\n<\/p>\n<p><label> Email<br \/>\n<span class=\"wpcf7-form-control-wrap\" data-name=\"your-email\"><input size=\"40\" maxlength=\"400\" class=\"wpcf7-form-control wpcf7-email wpcf7-validates-as-required wpcf7-text wpcf7-validates-as-email\" autocomplete=\"email\" aria-required=\"true\" aria-invalid=\"false\" value=\"\" type=\"email\" name=\"your-email\" \/><\/span> <\/label>\n<\/p>\n<p><label> Tel\u00e9fono<br \/>\n<span class=\"wpcf7-form-control-wrap\" data-name=\"tel-862\"><input size=\"40\" maxlength=\"400\" class=\"wpcf7-form-control wpcf7-tel wpcf7-validates-as-required wpcf7-text wpcf7-validates-as-tel\" aria-required=\"true\" aria-invalid=\"false\" value=\"\" type=\"tel\" name=\"tel-862\" \/><\/span> <\/label>\n<\/p>\n<p><label> Mensaje<br \/>\n<span class=\"wpcf7-form-control-wrap\" data-name=\"your-message\"><textarea cols=\"40\" rows=\"10\" maxlength=\"2000\" class=\"wpcf7-form-control wpcf7-textarea\" aria-invalid=\"false\" name=\"your-message\"><\/textarea><\/span> <\/label>\n<\/p>\n<p><span class=\"wpcf7-form-control-wrap\" data-name=\"acceptance-346\"><span class=\"wpcf7-form-control wpcf7-acceptance\"><span class=\"wpcf7-list-item\"><label><input type=\"checkbox\" name=\"acceptance-346\" value=\"1\" aria-invalid=\"false\" \/><span class=\"wpcf7-list-item-label\"><span style=\"font-size:14px !important;\">Acepto la <a href=\"https:\/\/perfoaqua.com\/politica-de-privacitat\/\">pol\u00edtica de privacidad<\/a><\/span><\/span><\/label><\/span><\/span><\/span><br \/>\n<span class=\"wpcf7-form-control-wrap\" data-name=\"acceptance-346\"><span class=\"wpcf7-form-control wpcf7-acceptance\"><span class=\"wpcf7-list-item\"><label><input type=\"checkbox\" name=\"acceptance-346\" value=\"1\" aria-invalid=\"false\" \/><span class=\"wpcf7-list-item-label\"><span style=\"font-size:14px !important;\">Acepto el env\u00edo de comunicaciones comerciales<\/span><\/span><\/label><\/span><\/span><\/span>\n<\/p>\n<p><input class=\"wpcf7-form-control wpcf7-submit has-spinner\" type=\"submit\" value=\"Env\u00eda\" \/>\n<\/p><div class=\"wpcf7-response-output\" aria-hidden=\"true\"><\/div>\n<\/form>\n<\/div>\n\t\t\t\t\t\t\t\t<\/div>\n\t\t\t\t<\/div>\n\t\t\t\t<\/div>\n\t\t\t\t<\/div>\n\t\t<div class=\"elementor-element elementor-element-33f4e53 e-con-full e-flex e-con e-parent\" data-id=\"33f4e53\" data-element_type=\"container\" data-e-type=\"container\">\n\t\t\t\t<div class=\"elementor-element elementor-element-144656c mapa-contacte elementor-widget elementor-widget-google_maps\" data-id=\"144656c\" data-element_type=\"widget\" data-e-type=\"widget\" data-widget_type=\"google_maps.default\">\n\t\t\t\t<div class=\"elementor-widget-container\">\n\t\t\t\t\t\t\t<div class=\"elementor-custom-embed\">\n\t\t\t<iframe\n\t\t\t\t\tdata-src=\"https:\/\/maps.google.com\/maps?q=Perfoaqua%2C%20Catalunya&#038;t=m&#038;z=9&#038;output=embed&#038;iwloc=near\"\n\t\t\t\t\ttitle=\"Perfoaqua, Catalunya\"\n\t\t\t\t\taria-label=\"Perfoaqua, Catalunya\"\n\t\t\t src=\"data:image\/svg+xml;base64,PHN2ZyB3aWR0aD0iMSIgaGVpZ2h0PSIxIiB4bWxucz0iaHR0cDovL3d3dy53My5vcmcvMjAwMC9zdmciPjwvc3ZnPg==\" class=\"lazyload\" data-load-mode=\"1\"><\/iframe>\n\t\t<\/div>\n\t\t\t\t\t\t<\/div>\n\t\t\t\t<\/div>\n\t\t\t\t<\/div>\n\t\t\t\t<\/div>\n\t\t","protected":false},"excerpt":{"rendered":"<p>\u00bfCrees que podemos ayudarte? Si tienes alg\u00fan proyecto o duda sobre c\u00f3mo aprovechar el agua subterr\u00e1nea, nuestro equipo t\u00e9cnico est\u00e1 a tu disposici\u00f3n para asesorarte. Puedes contactarnos a trav\u00e9s del formulario, correo electr\u00f3nico o por tel\u00e9fono. P\u00eddenos un presupuesto sin compromiso. Perfoaqua VicCam\u00ed de la Tolosa 9P.I. Sot dels Pradals08500 Vic (Barcelona)T 934 118 900 [&hellip;]<\/p>\n","protected":false},"author":3,"featured_media":0,"parent":0,"menu_order":0,"comment_status":"closed","ping_status":"open","template":"","meta":{"footnotes":""},"class_list":["post-5073","page","type-page","status-publish","hentry"],"yoast_head":"<!-- This site is optimized with the Yoast SEO plugin v27.3 - https:\/\/yoast.com\/product\/yoast-seo-wordpress\/ -->\n<title>Contacto<\/title>\n<meta name=\"description\" content=\"Contacta con Perfoaqua para consultas o m\u00e1s informaci\u00f3n sobre servicios de aprovechamiento de agua. Descubre c\u00f3mo podemos ayudarte.\" \/>\n<meta name=\"robots\" content=\"index, follow, max-snippet:-1, max-image-preview:large, max-video-preview:-1\" \/>\n<link rel=\"canonical\" href=\"https:\/\/perfoaqua.com\/es\/contacto\/\" \/>\n<meta property=\"og:locale\" content=\"es_ES\" \/>\n<meta property=\"og:type\" content=\"article\" \/>\n<meta property=\"og:title\" content=\"Contacto\" \/>\n<meta property=\"og:description\" content=\"Contacta con Perfoaqua para consultas o m\u00e1s informaci\u00f3n sobre servicios de aprovechamiento de agua. Descubre c\u00f3mo podemos ayudarte.\" \/>\n<meta property=\"og:url\" content=\"https:\/\/perfoaqua.com\/es\/contacto\/\" \/>\n<meta property=\"og:site_name\" content=\"Perfoaqua\" \/>\n<meta property=\"article:modified_time\" content=\"2025-07-08T12:59:25+00:00\" \/>\n<meta name=\"twitter:card\" content=\"summary_large_image\" \/>\n<meta name=\"twitter:label1\" content=\"Tiempo de lectura\" \/>\n\t<meta name=\"twitter:data1\" content=\"1 minuto\" \/>\n<script type=\"application\/ld+json\" class=\"yoast-schema-graph\">{\"@context\":\"https:\\\/\\\/schema.org\",\"@graph\":[{\"@type\":\"WebPage\",\"@id\":\"https:\\\/\\\/perfoaqua.com\\\/es\\\/contacto\\\/\",\"url\":\"https:\\\/\\\/perfoaqua.com\\\/es\\\/contacto\\\/\",\"name\":\"Contacto\",\"isPartOf\":{\"@id\":\"https:\\\/\\\/perfoaqua.com\\\/es\\\/#website\"},\"datePublished\":\"2024-10-30T15:38:25+00:00\",\"dateModified\":\"2025-07-08T12:59:25+00:00\",\"description\":\"Contacta con Perfoaqua para consultas o m\u00e1s informaci\u00f3n sobre servicios de aprovechamiento de agua. Descubre c\u00f3mo podemos ayudarte.\",\"breadcrumb\":{\"@id\":\"https:\\\/\\\/perfoaqua.com\\\/es\\\/contacto\\\/#breadcrumb\"},\"inLanguage\":\"es\",\"potentialAction\":[{\"@type\":\"ReadAction\",\"target\":[\"https:\\\/\\\/perfoaqua.com\\\/es\\\/contacto\\\/\"]}]},{\"@type\":\"BreadcrumbList\",\"@id\":\"https:\\\/\\\/perfoaqua.com\\\/es\\\/contacto\\\/#breadcrumb\",\"itemListElement\":[{\"@type\":\"ListItem\",\"position\":1,\"name\":\"Portada\",\"item\":\"https:\\\/\\\/perfoaqua.com\\\/es\\\/\"},{\"@type\":\"ListItem\",\"position\":2,\"name\":\"Contacto\"}]},{\"@type\":\"WebSite\",\"@id\":\"https:\\\/\\\/perfoaqua.com\\\/es\\\/#website\",\"url\":\"https:\\\/\\\/perfoaqua.com\\\/es\\\/\",\"name\":\"Perfoaqua\",\"description\":\"\",\"publisher\":{\"@id\":\"https:\\\/\\\/perfoaqua.com\\\/es\\\/#organization\"},\"potentialAction\":[{\"@type\":\"SearchAction\",\"target\":{\"@type\":\"EntryPoint\",\"urlTemplate\":\"https:\\\/\\\/perfoaqua.com\\\/es\\\/?s={search_term_string}\"},\"query-input\":{\"@type\":\"PropertyValueSpecification\",\"valueRequired\":true,\"valueName\":\"search_term_string\"}}],\"inLanguage\":\"es\"},{\"@type\":\"Organization\",\"@id\":\"https:\\\/\\\/perfoaqua.com\\\/es\\\/#organization\",\"name\":\"Projectes de perforaci\u00f3 de pous d'aigua\",\"url\":\"https:\\\/\\\/perfoaqua.com\\\/es\\\/\",\"logo\":{\"@type\":\"ImageObject\",\"inLanguage\":\"es\",\"@id\":\"https:\\\/\\\/perfoaqua.com\\\/es\\\/#\\\/schema\\\/logo\\\/image\\\/\",\"url\":\"https:\\\/\\\/perfoaqua.com\\\/wp-content\\\/uploads\\\/2025\\\/12\\\/isotip.png\",\"contentUrl\":\"https:\\\/\\\/perfoaqua.com\\\/wp-content\\\/uploads\\\/2025\\\/12\\\/isotip.png\",\"width\":350,\"height\":350,\"caption\":\"Projectes de perforaci\u00f3 de pous d'aigua\"},\"image\":{\"@id\":\"https:\\\/\\\/perfoaqua.com\\\/es\\\/#\\\/schema\\\/logo\\\/image\\\/\"},\"sameAs\":[\"https:\\\/\\\/www.instagram.com\\\/perfoaqua.com_\\\/\"]}]}<\/script>\n<!-- \/ Yoast SEO plugin. -->","yoast_head_json":{"title":"Contacto","description":"Contacta con Perfoaqua para consultas o m\u00e1s informaci\u00f3n sobre servicios de aprovechamiento de agua. Descubre c\u00f3mo podemos ayudarte.","robots":{"index":"index","follow":"follow","max-snippet":"max-snippet:-1","max-image-preview":"max-image-preview:large","max-video-preview":"max-video-preview:-1"},"canonical":"https:\/\/perfoaqua.com\/es\/contacto\/","og_locale":"es_ES","og_type":"article","og_title":"Contacto","og_description":"Contacta con Perfoaqua para consultas o m\u00e1s informaci\u00f3n sobre servicios de aprovechamiento de agua. Descubre c\u00f3mo podemos ayudarte.","og_url":"https:\/\/perfoaqua.com\/es\/contacto\/","og_site_name":"Perfoaqua","article_modified_time":"2025-07-08T12:59:25+00:00","twitter_card":"summary_large_image","twitter_misc":{"Tiempo de lectura":"1 minuto"},"schema":{"@context":"https:\/\/schema.org","@graph":[{"@type":"WebPage","@id":"https:\/\/perfoaqua.com\/es\/contacto\/","url":"https:\/\/perfoaqua.com\/es\/contacto\/","name":"Contacto","isPartOf":{"@id":"https:\/\/perfoaqua.com\/es\/#website"},"datePublished":"2024-10-30T15:38:25+00:00","dateModified":"2025-07-08T12:59:25+00:00","description":"Contacta con Perfoaqua para consultas o m\u00e1s informaci\u00f3n sobre servicios de aprovechamiento de agua. Descubre c\u00f3mo podemos ayudarte.","breadcrumb":{"@id":"https:\/\/perfoaqua.com\/es\/contacto\/#breadcrumb"},"inLanguage":"es","potentialAction":[{"@type":"ReadAction","target":["https:\/\/perfoaqua.com\/es\/contacto\/"]}]},{"@type":"BreadcrumbList","@id":"https:\/\/perfoaqua.com\/es\/contacto\/#breadcrumb","itemListElement":[{"@type":"ListItem","position":1,"name":"Portada","item":"https:\/\/perfoaqua.com\/es\/"},{"@type":"ListItem","position":2,"name":"Contacto"}]},{"@type":"WebSite","@id":"https:\/\/perfoaqua.com\/es\/#website","url":"https:\/\/perfoaqua.com\/es\/","name":"Perfoaqua","description":"","publisher":{"@id":"https:\/\/perfoaqua.com\/es\/#organization"},"potentialAction":[{"@type":"SearchAction","target":{"@type":"EntryPoint","urlTemplate":"https:\/\/perfoaqua.com\/es\/?s={search_term_string}"},"query-input":{"@type":"PropertyValueSpecification","valueRequired":true,"valueName":"search_term_string"}}],"inLanguage":"es"},{"@type":"Organization","@id":"https:\/\/perfoaqua.com\/es\/#organization","name":"Projectes de perforaci\u00f3 de pous d'aigua","url":"https:\/\/perfoaqua.com\/es\/","logo":{"@type":"ImageObject","inLanguage":"es","@id":"https:\/\/perfoaqua.com\/es\/#\/schema\/logo\/image\/","url":"https:\/\/perfoaqua.com\/wp-content\/uploads\/2025\/12\/isotip.png","contentUrl":"https:\/\/perfoaqua.com\/wp-content\/uploads\/2025\/12\/isotip.png","width":350,"height":350,"caption":"Projectes de perforaci\u00f3 de pous d'aigua"},"image":{"@id":"https:\/\/perfoaqua.com\/es\/#\/schema\/logo\/image\/"},"sameAs":["https:\/\/www.instagram.com\/perfoaqua.com_\/"]}]}},"_links":{"self":[{"href":"https:\/\/perfoaqua.com\/es\/wp-json\/wp\/v2\/pages\/5073","targetHints":{"allow":["GET"]}}],"collection":[{"href":"https:\/\/perfoaqua.com\/es\/wp-json\/wp\/v2\/pages"}],"about":[{"href":"https:\/\/perfoaqua.com\/es\/wp-json\/wp\/v2\/types\/page"}],"author":[{"embeddable":true,"href":"https:\/\/perfoaqua.com\/es\/wp-json\/wp\/v2\/users\/3"}],"replies":[{"embeddable":true,"href":"https:\/\/perfoaqua.com\/es\/wp-json\/wp\/v2\/comments?post=5073"}],"version-history":[{"count":58,"href":"https:\/\/perfoaqua.com\/es\/wp-json\/wp\/v2\/pages\/5073\/revisions"}],"predecessor-version":[{"id":10165,"href":"https:\/\/perfoaqua.com\/es\/wp-json\/wp\/v2\/pages\/5073\/revisions\/10165"}],"wp:attachment":[{"href":"https:\/\/perfoaqua.com\/es\/wp-json\/wp\/v2\/media?parent=5073"}],"curies":[{"name":"wp","href":"https:\/\/api.w.org\/{rel}","templated":true}]}}