{"id":5086,"date":"2024-11-19T09:16:11","date_gmt":"2024-11-19T08:16:11","guid":{"rendered":"http:\/\/perfoaqua.com\/?page_id=5086"},"modified":"2025-06-11T11:47:32","modified_gmt":"2025-06-11T09:47:32","slug":"aviso-legal","status":"publish","type":"page","link":"https:\/\/perfoaqua.com\/es\/aviso-legal\/","title":{"rendered":"Aviso legal"},"content":{"rendered":"\t\t<div data-elementor-type=\"wp-page\" data-elementor-id=\"5086\" class=\"elementor elementor-5086 elementor-2191\">\n\t\t\t\t<div class=\"elementor-element elementor-element-b0e851e e-con-full e-flex e-con e-parent\" data-id=\"b0e851e\" data-element_type=\"container\" data-e-type=\"container\">\n\t\t<div class=\"elementor-element elementor-element-6bfd678 e-con-full e-flex e-con e-child\" data-id=\"6bfd678\" data-element_type=\"container\" data-e-type=\"container\">\n\t\t\t\t<div class=\"elementor-element elementor-element-2c9ea80 elementor-widget elementor-widget-heading\" data-id=\"2c9ea80\" data-element_type=\"widget\" data-e-type=\"widget\" data-widget_type=\"heading.default\">\n\t\t\t\t<div class=\"elementor-widget-container\">\n\t\t\t\t\t<h1 class=\"elementor-heading-title elementor-size-default\">Aviso legal y condiciones<br>de uso del portal<\/h1>\t\t\t\t<\/div>\n\t\t\t\t<\/div>\n\t\t\t\t<\/div>\n\t\t\t\t<\/div>\n\t\t<div class=\"elementor-element elementor-element-a2c76d0 e-flex e-con-boxed e-con e-parent\" data-id=\"a2c76d0\" data-element_type=\"container\" data-e-type=\"container\">\n\t\t\t\t\t<div class=\"e-con-inner\">\n\t\t\t\t<div class=\"elementor-element elementor-element-a7f9996 elementor-widget elementor-widget-text-editor\" data-id=\"a7f9996\" data-element_type=\"widget\" data-e-type=\"widget\" data-widget_type=\"text-editor.default\">\n\t\t\t\t<div class=\"elementor-widget-container\">\n\t\t\t\t\t\t\t\t\t<p><span style=\"color: #005ffb;\"><b>AVISO LEGAL Y CONDICIONES DE USO DEL PORTAL<\/b><\/span><\/p><p><span style=\"color: #005ffb;\">Para dar cumplimiento al art\u00edculo 10 de la Ley 34\/2002 de Servicios de la Sociedad de la Informaci\u00f3n y del Comercio Electr\u00f3nico, informamos a los usuarios de nuestros datos:<\/span><\/p><p><span style=\"color: #005ffb;\">Denominaci\u00f3n Social: EAB PERFOAQUA<\/span><br \/><span style=\"color: #005ffb;\">Domicilio Social: C\/ CAMI DE LA TOLOSA, 9 POL.IND SOT DE LOS PRADALES 08500 VIC (BARCELONA)<\/span><br \/><span style=\"color: #005ffb;\">Tel\u00e9fono: 663073998<\/span><br \/><span style=\"color: #005ffb;\">E-Mail: info@perfoaqua.com<\/span><br \/><span style=\"color: #005ffb;\">Sitio Web: www.perfoaqua.com<\/span><\/p><p><span style=\"color: #005ffb;\"><strong>1. Objeto<\/strong><\/span><\/p><p><span style=\"color: #005ffb;\">EAB PERFOAQUA (En adelante tambi\u00e9n el prestamista) como responsable del sitio web, www.perfoaqua.com pone a disposici\u00f3n de los usuarios el presente documento, que regula el uso del sitio web con el que pretendemos dar cumplimiento a las obligaciones que dispone la Ley 34\/2002, de Servicios de la Sociedad de la Informaci\u00f3n y del Comercio Electr\u00f3nico (LSSICE o LSSI), as\u00ed como informar a todos los usuarios del sitio web sobre cu\u00e1les son las condiciones de uso del sitio web.<\/span><br \/><span style=\"color: #005ffb;\">A trav\u00e9s de la web, EAB PERFOAQUA facilita a los usuarios el acceso y utilizaci\u00f3n de distintos servicios y contenidos puestos a disposici\u00f3n a trav\u00e9s de la web.<\/span><\/p><p><span style=\"color: #005ffb;\">Toda persona que acceda a esta web asume el papel de usuario (en adelante el usuario), e implica la aceptaci\u00f3n total y sin reservas de todas y cada una de las disposiciones incluidas en este aviso legal, as\u00ed como en cualesquiera otras disposiciones legales que fueran de aplicaci\u00f3n.<\/span><br \/><span style=\"color: #005ffb;\">Como usuarios, deben leer atentamente este Aviso Legal en cualquiera de las ocasiones que entren en la web, ya que \u00e9sta puede sufrir modificaciones ya que el prestamista se reserva el derecho a modificar cualquier tipo de informaci\u00f3n que pudiera aparecer en la web, sin que exista la obligaci\u00f3n de pre-avisar o poner en conocimiento de los usuarios estas obligaciones, siendo suficientes la publicaci\u00f3n en el sitio web del prestamista.<\/span><\/p><p><strong><span style=\"color: #005ffb;\">2.0. Condiciones de acceso y uso de la web.<\/span><\/strong><\/p><p><strong><span style=\"color: #005ffb;\">2.1. Veracidad de la informaci\u00f3n.<\/span><\/strong><\/p><p><span style=\"color: #005ffb;\">Toda la informaci\u00f3n que facilita el Usuario debe ser veraz. A estos efectos, el Usuario garantiza la autenticidad de los datos comunicados a trav\u00e9s de los formularios de contacto. Ser\u00e1 responsabilidad del Usuario mantener toda la informaci\u00f3n facilitada a EAB PERFOAQUA permanentemente actualizada de forma que responda, en cada momento, a su situaci\u00f3n real. En todo caso, el Usuario ser\u00e1 el \u00fanico responsable de las manifestaciones falsas o inexactas que realice y de los perjuicios que cause al prestamista oa terceros.<\/span><\/p><p><strong><span style=\"color: #005ffb;\">2.2. Menores de edad.<\/span><\/strong><\/p><p><span style=\"color: #005ffb;\">Para el uso de los servicios, los menores de edad deben obtener siempre previamente el consentimiento de los padres, tutores o representantes legales, responsables \u00faltimos de todos los actos realizados por los menores a su cargo. La responsabilidad en la determinaci\u00f3n de contenidos concretos a los que acceden los menores corresponde a aquellos, por lo que si acceden a contenidos no apropiados por Internet, deber\u00e1n establecerse en sus ordenadores mecanismos, en particular programas inform\u00e1ticos, filtros y bloqueos , que permitan limitar los contenidos disponibles y, aunque no sean infalibles, son de especial utilidad para controlar y restringir los materiales a los que pueden acceder los menores.<\/span><\/p><p><strong><span style=\"color: #005ffb;\">2.3. Obligaci\u00f3n de hacer un correcto uso de la web.<\/span><\/strong><\/p><p><span style=\"color: #005ffb;\">El Usuario se compromete a utilizar la web de conformidad a la Ley y al presente Aviso Legal, as\u00ed como a la moral y buenas costumbres. A tal efecto, el Usuario se abstendr\u00e1 de utilizar la p\u00e1gina con fines il\u00edcitos o prohibidos, lesivos de derechos e intereses de terceros, o que de cualquier forma puedan da\u00f1ar, inutilizar, sobrecargar, deteriorar o impedir la normal utilizaci\u00f3n de equipos inform\u00e1ticos o documentos, archivos y toda clase de contenidos almacenados en cualquier equipo inform\u00e1tico del prestamista.<\/span><\/p><p><span style=\"color: #005ffb;\">En particular, ya t\u00edtulo indicativo pero no exhaustivo, el Usuario se compromete a no transmitir, difundir o poner a disposici\u00f3n de terceros informaciones, datos, contenidos, mensajes, gr\u00e1ficos, dibujos, archivos de sonido o imagen, fotograf\u00edas, grabaciones, software y , en general, cualquier clase de material que:<\/span><\/p><p><span style=\"color: #005ffb;\">(A) sea contraria, desprecie o atente contra los derechos fundamentales y las libertades p\u00fablicas reconocidas constitucionalmente, en tratados internacionales y otras normas vigentes;<\/span><br \/><span style=\"color: #005ffb;\">(B) induzca, incite o promueva actuaciones delictivas, denigrantes, difamatorias, violentas o, en general, contrarias a la ley, a la moral y el orden p\u00fablico;<\/span><br \/><span style=\"color: #005ffb;\">(C) induzca, incite o promueva actuaciones, actitudes o pensamientos discriminatorios por raz\u00f3n de sexo, raza, religi\u00f3n, creencias, edad o condici\u00f3n;<\/span><br \/><span style=\"color: #005ffb;\">(D) sea contrario al derecho al honor, a la intimidad personal o familiar oa la propia imagen de las personas;<\/span><br \/><span style=\"color: #005ffb;\">(I) de cualquier modo perjudique la credibilidad del prestamista o de terceros; y<\/span><br \/><span style=\"color: #005ffb;\">(F) constituya publicidad il\u00edcita, enga\u00f1osa o desleal.<\/span><\/p><p><strong><span style=\"color: #005ffb;\">3. Exclusi\u00f3n de garant\u00edas y responsabilidad<\/span><\/strong><\/p><p><span style=\"color: #005ffb;\">El prestamista se exime de cualquier tipo de responsabilidad derivada de la informaci\u00f3n publicada en nuestro sitio web, siempre que esta informaci\u00f3n haya sido manipulada o introducida por un tercero ajeno.<\/span><br \/><span style=\"color: #005ffb;\">Esta web ha sido revisada y probada para que funcione correctamente. En principio, puede garantizarse el correcto funcionamiento los 365 d\u00edas del a\u00f1o, 24 horas al d\u00eda. No obstante, el prestamista no descarta la posibilidad de que existan determinados errores de programaci\u00f3n, o que sucedan causas de fuerza mayor, cat\u00e1strofes naturales, huelgas, o circunstancias similares que hagan imposible el acceso a la p\u00e1gina web.<\/span><br \/><span style=\"color: #005ffb;\">EAB PERFOAQUA no otorga ninguna garant\u00eda ni se hace responsable, en ning\u00fan caso, de los da\u00f1os y perjuicios de cualquier naturaleza que puedan salir a colaci\u00f3n de la carencia de disponibilidad, mantenimiento y efectivo funcionamiento de la web o de sus servicios y contenidos; de la existencia de virus, programas maliciosos o lesivos en los contenidos; del uso il\u00edcito, negligente, fraudulento o contrario a este Aviso Legal y condiciones de uso; o de la falta de licitud, calidad, fiabilidad, utilidad y disponibilidad de los servicios prestados por terceros y puestos a disposici\u00f3n de los usuarios en el sitio web.<\/span><br \/><span style=\"color: #005ffb;\">El prestamista no se hace responsable bajo ning\u00fan concepto de los da\u00f1os que puedan dimanar del uso ilegal o indebido de la presente p\u00e1gina web.<\/span><\/p><p><strong><span style=\"color: #005ffb;\">4. Cookies<\/span><\/strong><\/p><p><span style=\"color: #005ffb;\">El sitio web del prestamista puede utilizar cookies (peque\u00f1os archivos de informaci\u00f3n que el servidor env\u00eda al ordenador de quien accede a la p\u00e1gina) para llevar a cabo determinadas funciones que son consideradas imprescindibles para el correcto funcionamiento y visualizaci\u00f3n del sitio. Las cookies utilizadas tienen, en todo caso, car\u00e1cter temporal, con el \u00fanico fin de hacer m\u00e1s eficaz la navegaci\u00f3n, desapareciendo al finalizar la sesi\u00f3n del usuario.<\/span><br \/><span style=\"color: #005ffb;\">En ning\u00fan caso se utilizar\u00e1n las cookies para recabar informaci\u00f3n de car\u00e1cter personal.<\/span><br \/><span style=\"color: #005ffb;\">Para m\u00e1s informaci\u00f3n, ver nuestra Pol\u00edtica de Cookies<\/span><\/p><p><strong><span style=\"color: #005ffb;\">5. Enlaces (Links)<\/span><\/strong><\/p><p><span style=\"color: #005ffb;\">Desde el sitio web es posible que se redirija a contenidos de terceras webs. Dado que desde la web no podemos controlar siempre los contenidos introducidos por los terceros, EAB PERFOAQUA no asume ning\u00fan tipo de responsabilidad con respecto a estos contenidos. En todo caso, el prestamista manifiesta que proceder\u00e1 a la retirada inmediata de cualquier contenido que pudiera contravenir la legislaci\u00f3n nacional o internacional, la moral o el orden p\u00fablico, procediendo a la retirada inmediata de la re-direcci\u00f3n a estas webs, poniendo en conocimiento de las autoridades competentes el contenido en cuesti\u00f3n.<\/span><\/p><p><span style=\"color: #005ffb;\">El prestamista no se responsabiliza de la informaci\u00f3n y contenidos almacenados, a t\u00edtulo enunciativo pero no limitante, en foros, chats, generadores de blogs, comentarios, redes sociales o cualquier otro medio que permita a terceros publicar contenidos de forma independiente en la p\u00e1gina web del prestamista. Sin embargo y en cumplimiento de lo dispuesto en el art. 11 y 16 de la LSSICE, el prestamista se pone a disposici\u00f3n de todos los usuarios, autoridades y fuerzas de seguridad, y colaborando de forma activa en la retirada o, cuando sea necesario, el bloqueo de todos aquellos contenidos que puedan afectar o contravenir la legislaci\u00f3n nacional, o internacional, derechos de terceros o la moral y el orden p\u00fablico. En caso de que el usuario considere que puede existir alg\u00fan contenido que pudiera ser susceptible de esta clasificaci\u00f3n, se ruega lo notifique de forma inmediata al administrador del sitio web.<\/span><\/p><p><strong><span style=\"color: #005ffb;\">6. Protecci\u00f3n de datos personales.<\/span><\/strong><\/p><p><span style=\"color: #005ffb;\">El prestamista est\u00e1 profundamente comprometido con el cumplimiento de la normativa de protecci\u00f3n de datos personales y garantiza el cumplimiento \u00edntegro de las obligaciones dispuestas, as\u00ed como la implementaci\u00f3n de las medidas de seguridad dispuestas en el Reglamento Europeo de Protecci\u00f3n de datos y la normativa espa\u00f1ola de protecci\u00f3n de datos datos. Para m\u00e1s informaci\u00f3n, ver nuestra Pol\u00edtica de Privacidad.<\/span><\/p><p><strong><span style=\"color: #005ffb;\">7. Redes sociales<\/span><\/strong><\/p><p><span style=\"color: #005ffb;\">Le informamos que EAB PERFOAQUA estar presente en redes sociales. El tratamiento de los datos que los usuarios incluyan en los mismos [haciendo seguidores del prestamista en las redes sociales (y\/o realizando cualquier v\u00ednculo o acci\u00f3n de conexi\u00f3n a trav\u00e9s de \u00e9stas)] se regir\u00e1 por este apartado, as\u00ed como por las condiciones de uso, pol\u00edticas de privacidad y normativas de acceso y uso de las redes sociales en cuesti\u00f3n y previamente aceptadas por el usuario. EAB PERFOAQUA tratar\u00e1 sus datos con el fin de informarles de las actividades, productos o servicios del prestamista a trav\u00e9s de estas redes sociales, as\u00ed como para cualquier otra finalidad que las normativas de las Redes Sociales permitan, pero no se har\u00e1 responsable de los sus pol\u00edticas de privacidad.<\/span><\/p><p><span style=\"color: #005ffb;\">Queda prohibida la publicaci\u00f3n de contenidos:<\/span><br \/><span style=\"color: #005ffb;\">&#8211; Que sean presuntamente il\u00edcitos por la normativa nacional, comunitaria o internacional o que realicen actividades presuntamente il\u00edcitas o contravengan los principios de la buena fe.<\/span><br \/><span style=\"color: #005ffb;\">&#8211; Que atenten contra los derechos fundamentales de las personas, falten a la cortes\u00eda en la red, molesten o puedan generar opiniones negativas en nuestros usuarios o terceros y en general cualesquiera sean los contenidos que EAB PERFOAQUA considere no apropiados.<\/span><br \/><span style=\"color: #005ffb;\">-Y en general que contravengan los principios de legalidad, honradez, responsabilidad, protecci\u00f3n de la dignidad humana, protecci\u00f3n de menores, protecci\u00f3n del orden p\u00fablico, la protecci\u00f3n de la vida privada, la protecci\u00f3n del consumidor y los derechos de propiedad intelectual lectual e industrial.<\/span><\/p><p><span style=\"color: #005ffb;\">Asimismo, EAB PERFOAQUA se reserva la potestad de retirar, sin previo aviso del sitio web o de la red social corporativa, aquellos contenidos que se consideren no apropiados.<\/span><\/p><p><strong><span style=\"color: #005ffb;\">8. Propiedad intelectual e industrial<\/span><\/strong><\/p><p><span style=\"color: #005ffb;\">El sitio web, incluyendo a t\u00edtulo enunciativo pero no limitativo la programaci\u00f3n, edici\u00f3n, compilaci\u00f3n y otros elementos necesarios para su funcionamiento, los dise\u00f1os, logotipos, textos, v\u00eddeos, fotograf\u00edas y\/o gr\u00e1ficos son propiedad del prestamista o, en caso de que fuera necesario, dispone de la licencia o autorizaci\u00f3n expresa por parte de los autores. Todos los contenidos del sitio web est\u00e1n debidamente protegidos por la normativa de propiedad intelectual e industrial.<\/span><\/p><p><span style=\"color: #005ffb;\">Independientemente de la finalidad por la que fuesen destinados, la reproducci\u00f3n total o parcial, uso, distribuci\u00f3n y comunicaci\u00f3n p\u00fablica requieren de la autorizaci\u00f3n escrita previa por parte del prestamista. Cualquier uso no autorizado previamente por parte del prestamista ser\u00e1 considerado un incumplimiento grave de los derechos de propiedad intelectual o industrial del autor.<\/span><\/p><p><span style=\"color: #005ffb;\">Los dise\u00f1os, logotipos, textos y\/o gr\u00e1ficos ajenos al prestamista y que puedan aparecer en el sitio web, pertenecen a sus respectivos propietarios, siendo ellos mismos responsables de cualquier posible controversia que pudiera acontecer respecto a los mismos. En todo caso, el prestamista cuenta con la autorizaci\u00f3n expresa y previa por parte de los mismos.<\/span><\/p><p><span style=\"color: #005ffb;\">El prestamista reconoce a favor de sus titulares los correspondientes derechos de propiedad industrial e intelectual, no implicando la menci\u00f3n o aparici\u00f3n en el sitio web, de la existencia de derechos o ninguna responsabilidad del prestamista sobre los mismos, como tampoco respaldo, patrocinio o recomendaci\u00f3n por parte del mismo.<\/span><\/p><p><span style=\"color: #005ffb;\">Para realizar cualquier tipo de observaci\u00f3n respecto a posibles incumplimientos de los derechos de propiedad intelectual o industrial, as\u00ed como sobre cualquiera de los contenidos del sitio web, puede hacerlo a trav\u00e9s del correo electr\u00f3nico arriba rese\u00f1ado.<\/span><\/p><p><strong><span style=\"color: #005ffb;\">9. Ley aplicable y jurisdicci\u00f3n<\/span><\/strong><\/p><p><span style=\"color: #005ffb;\">Para la resoluci\u00f3n de las controversias o cuestiones relacionadas con la presente p\u00e1gina web o de las actividades en \u00e9sta desarrolladas, ser\u00e1 de aplicaci\u00f3n la legislaci\u00f3n espa\u00f1ola, a la que se someten expresamente las partes, siendo competentes para la resoluci\u00f3n de todos los conflictos derivados o relacionados con su uso los Juzgados y Tribunales.<\/span><\/p>\t\t\t\t\t\t\t\t<\/div>\n\t\t\t\t<\/div>\n\t\t\t\t\t<\/div>\n\t\t\t\t<\/div>\n\t\t\t\t<\/div>\n\t\t","protected":false},"excerpt":{"rendered":"<p>Aviso legal y condiciones de uso del portal AVISO LEGAL Y CONDICIONES DE USO DEL PORTAL Para dar cumplimiento al art\u00edculo 10 de la Ley 34\/2002 de Servicios de la Sociedad de la Informaci\u00f3n y del Comercio Electr\u00f3nico, informamos a los usuarios de nuestros datos: Denominaci\u00f3n Social: EAB PERFOAQUA Domicilio Social: C\/ CAMI DE LA [&hellip;]<\/p>\n","protected":false},"author":3,"featured_media":0,"parent":0,"menu_order":0,"comment_status":"closed","ping_status":"open","template":"elementor_header_footer","meta":{"footnotes":""},"class_list":["post-5086","page","type-page","status-publish","hentry"],"yoast_head":"<!-- This site is optimized with the Yoast SEO plugin v27.3 - https:\/\/yoast.com\/product\/yoast-seo-wordpress\/ -->\n<title>Aviso legal<\/title>\n<meta name=\"description\" content=\"Consulta el aviso legal de Perfoaqua con los t\u00e9rminos de uso del sitio web, derechos de propiedad y limitaciones de responsabilidad.\" \/>\n<meta name=\"robots\" content=\"index, follow, max-snippet:-1, max-image-preview:large, max-video-preview:-1\" \/>\n<link rel=\"canonical\" href=\"https:\/\/perfoaqua.com\/es\/aviso-legal\/\" \/>\n<meta property=\"og:locale\" content=\"es_ES\" \/>\n<meta property=\"og:type\" content=\"article\" \/>\n<meta property=\"og:title\" content=\"Aviso legal\" \/>\n<meta property=\"og:description\" content=\"Consulta el aviso legal de Perfoaqua con los t\u00e9rminos de uso del sitio web, derechos de propiedad y limitaciones de responsabilidad.\" \/>\n<meta property=\"og:url\" content=\"https:\/\/perfoaqua.com\/es\/aviso-legal\/\" \/>\n<meta property=\"og:site_name\" content=\"Perfoaqua\" \/>\n<meta property=\"article:modified_time\" content=\"2025-06-11T09:47:32+00:00\" \/>\n<meta name=\"twitter:card\" content=\"summary_large_image\" \/>\n<meta name=\"twitter:label1\" content=\"Tiempo de lectura\" \/>\n\t<meta name=\"twitter:data1\" content=\"9 minutos\" \/>\n<script type=\"application\/ld+json\" class=\"yoast-schema-graph\">{\"@context\":\"https:\\\/\\\/schema.org\",\"@graph\":[{\"@type\":\"WebPage\",\"@id\":\"https:\\\/\\\/perfoaqua.com\\\/es\\\/aviso-legal\\\/\",\"url\":\"https:\\\/\\\/perfoaqua.com\\\/es\\\/aviso-legal\\\/\",\"name\":\"Aviso legal\",\"isPartOf\":{\"@id\":\"https:\\\/\\\/perfoaqua.com\\\/es\\\/#website\"},\"datePublished\":\"2024-11-19T08:16:11+00:00\",\"dateModified\":\"2025-06-11T09:47:32+00:00\",\"description\":\"Consulta el aviso legal de Perfoaqua con los t\u00e9rminos de uso del sitio web, derechos de propiedad y limitaciones de responsabilidad.\",\"breadcrumb\":{\"@id\":\"https:\\\/\\\/perfoaqua.com\\\/es\\\/aviso-legal\\\/#breadcrumb\"},\"inLanguage\":\"es\",\"potentialAction\":[{\"@type\":\"ReadAction\",\"target\":[\"https:\\\/\\\/perfoaqua.com\\\/es\\\/aviso-legal\\\/\"]}]},{\"@type\":\"BreadcrumbList\",\"@id\":\"https:\\\/\\\/perfoaqua.com\\\/es\\\/aviso-legal\\\/#breadcrumb\",\"itemListElement\":[{\"@type\":\"ListItem\",\"position\":1,\"name\":\"Portada\",\"item\":\"https:\\\/\\\/perfoaqua.com\\\/es\\\/\"},{\"@type\":\"ListItem\",\"position\":2,\"name\":\"Aviso legal\"}]},{\"@type\":\"WebSite\",\"@id\":\"https:\\\/\\\/perfoaqua.com\\\/es\\\/#website\",\"url\":\"https:\\\/\\\/perfoaqua.com\\\/es\\\/\",\"name\":\"Perfoaqua\",\"description\":\"\",\"publisher\":{\"@id\":\"https:\\\/\\\/perfoaqua.com\\\/es\\\/#organization\"},\"potentialAction\":[{\"@type\":\"SearchAction\",\"target\":{\"@type\":\"EntryPoint\",\"urlTemplate\":\"https:\\\/\\\/perfoaqua.com\\\/es\\\/?s={search_term_string}\"},\"query-input\":{\"@type\":\"PropertyValueSpecification\",\"valueRequired\":true,\"valueName\":\"search_term_string\"}}],\"inLanguage\":\"es\"},{\"@type\":\"Organization\",\"@id\":\"https:\\\/\\\/perfoaqua.com\\\/es\\\/#organization\",\"name\":\"Projectes de perforaci\u00f3 de pous d'aigua\",\"url\":\"https:\\\/\\\/perfoaqua.com\\\/es\\\/\",\"logo\":{\"@type\":\"ImageObject\",\"inLanguage\":\"es\",\"@id\":\"https:\\\/\\\/perfoaqua.com\\\/es\\\/#\\\/schema\\\/logo\\\/image\\\/\",\"url\":\"https:\\\/\\\/perfoaqua.com\\\/wp-content\\\/uploads\\\/2025\\\/12\\\/isotip.png\",\"contentUrl\":\"https:\\\/\\\/perfoaqua.com\\\/wp-content\\\/uploads\\\/2025\\\/12\\\/isotip.png\",\"width\":350,\"height\":350,\"caption\":\"Projectes de perforaci\u00f3 de pous d'aigua\"},\"image\":{\"@id\":\"https:\\\/\\\/perfoaqua.com\\\/es\\\/#\\\/schema\\\/logo\\\/image\\\/\"},\"sameAs\":[\"https:\\\/\\\/www.instagram.com\\\/perfoaqua.com_\\\/\"]}]}<\/script>\n<!-- \/ Yoast SEO plugin. -->","yoast_head_json":{"title":"Aviso legal","description":"Consulta el aviso legal de Perfoaqua con los t\u00e9rminos de uso del sitio web, derechos de propiedad y limitaciones de responsabilidad.","robots":{"index":"index","follow":"follow","max-snippet":"max-snippet:-1","max-image-preview":"max-image-preview:large","max-video-preview":"max-video-preview:-1"},"canonical":"https:\/\/perfoaqua.com\/es\/aviso-legal\/","og_locale":"es_ES","og_type":"article","og_title":"Aviso legal","og_description":"Consulta el aviso legal de Perfoaqua con los t\u00e9rminos de uso del sitio web, derechos de propiedad y limitaciones de responsabilidad.","og_url":"https:\/\/perfoaqua.com\/es\/aviso-legal\/","og_site_name":"Perfoaqua","article_modified_time":"2025-06-11T09:47:32+00:00","twitter_card":"summary_large_image","twitter_misc":{"Tiempo de lectura":"9 minutos"},"schema":{"@context":"https:\/\/schema.org","@graph":[{"@type":"WebPage","@id":"https:\/\/perfoaqua.com\/es\/aviso-legal\/","url":"https:\/\/perfoaqua.com\/es\/aviso-legal\/","name":"Aviso legal","isPartOf":{"@id":"https:\/\/perfoaqua.com\/es\/#website"},"datePublished":"2024-11-19T08:16:11+00:00","dateModified":"2025-06-11T09:47:32+00:00","description":"Consulta el aviso legal de Perfoaqua con los t\u00e9rminos de uso del sitio web, derechos de propiedad y limitaciones de responsabilidad.","breadcrumb":{"@id":"https:\/\/perfoaqua.com\/es\/aviso-legal\/#breadcrumb"},"inLanguage":"es","potentialAction":[{"@type":"ReadAction","target":["https:\/\/perfoaqua.com\/es\/aviso-legal\/"]}]},{"@type":"BreadcrumbList","@id":"https:\/\/perfoaqua.com\/es\/aviso-legal\/#breadcrumb","itemListElement":[{"@type":"ListItem","position":1,"name":"Portada","item":"https:\/\/perfoaqua.com\/es\/"},{"@type":"ListItem","position":2,"name":"Aviso legal"}]},{"@type":"WebSite","@id":"https:\/\/perfoaqua.com\/es\/#website","url":"https:\/\/perfoaqua.com\/es\/","name":"Perfoaqua","description":"","publisher":{"@id":"https:\/\/perfoaqua.com\/es\/#organization"},"potentialAction":[{"@type":"SearchAction","target":{"@type":"EntryPoint","urlTemplate":"https:\/\/perfoaqua.com\/es\/?s={search_term_string}"},"query-input":{"@type":"PropertyValueSpecification","valueRequired":true,"valueName":"search_term_string"}}],"inLanguage":"es"},{"@type":"Organization","@id":"https:\/\/perfoaqua.com\/es\/#organization","name":"Projectes de perforaci\u00f3 de pous d'aigua","url":"https:\/\/perfoaqua.com\/es\/","logo":{"@type":"ImageObject","inLanguage":"es","@id":"https:\/\/perfoaqua.com\/es\/#\/schema\/logo\/image\/","url":"https:\/\/perfoaqua.com\/wp-content\/uploads\/2025\/12\/isotip.png","contentUrl":"https:\/\/perfoaqua.com\/wp-content\/uploads\/2025\/12\/isotip.png","width":350,"height":350,"caption":"Projectes de perforaci\u00f3 de pous d'aigua"},"image":{"@id":"https:\/\/perfoaqua.com\/es\/#\/schema\/logo\/image\/"},"sameAs":["https:\/\/www.instagram.com\/perfoaqua.com_\/"]}]}},"_links":{"self":[{"href":"https:\/\/perfoaqua.com\/es\/wp-json\/wp\/v2\/pages\/5086","targetHints":{"allow":["GET"]}}],"collection":[{"href":"https:\/\/perfoaqua.com\/es\/wp-json\/wp\/v2\/pages"}],"about":[{"href":"https:\/\/perfoaqua.com\/es\/wp-json\/wp\/v2\/types\/page"}],"author":[{"embeddable":true,"href":"https:\/\/perfoaqua.com\/es\/wp-json\/wp\/v2\/users\/3"}],"replies":[{"embeddable":true,"href":"https:\/\/perfoaqua.com\/es\/wp-json\/wp\/v2\/comments?post=5086"}],"version-history":[{"count":2,"href":"https:\/\/perfoaqua.com\/es\/wp-json\/wp\/v2\/pages\/5086\/revisions"}],"predecessor-version":[{"id":9726,"href":"https:\/\/perfoaqua.com\/es\/wp-json\/wp\/v2\/pages\/5086\/revisions\/9726"}],"wp:attachment":[{"href":"https:\/\/perfoaqua.com\/es\/wp-json\/wp\/v2\/media?parent=5086"}],"curies":[{"name":"wp","href":"https:\/\/api.w.org\/{rel}","templated":true}]}}