{"id":5088,"date":"2024-11-19T09:36:17","date_gmt":"2024-11-19T08:36:17","guid":{"rendered":"http:\/\/perfoaqua.com\/?page_id=5088"},"modified":"2025-06-11T11:47:52","modified_gmt":"2025-06-11T09:47:52","slug":"politica-de-privacidad","status":"publish","type":"page","link":"https:\/\/perfoaqua.com\/es\/politica-de-privacidad\/","title":{"rendered":"Pol\u00edtica de privacidad"},"content":{"rendered":"\t\t<div data-elementor-type=\"wp-page\" data-elementor-id=\"5088\" class=\"elementor elementor-5088 elementor-2215\">\n\t\t\t\t<div class=\"elementor-element elementor-element-b0e851e e-con-full e-flex e-con e-parent\" data-id=\"b0e851e\" data-element_type=\"container\" data-e-type=\"container\">\n\t\t<div class=\"elementor-element elementor-element-6bfd678 e-con-full e-flex e-con e-child\" data-id=\"6bfd678\" data-element_type=\"container\" data-e-type=\"container\">\n\t\t\t\t<div class=\"elementor-element elementor-element-2c9ea80 elementor-widget elementor-widget-heading\" data-id=\"2c9ea80\" data-element_type=\"widget\" data-e-type=\"widget\" data-widget_type=\"heading.default\">\n\t\t\t\t<div class=\"elementor-widget-container\">\n\t\t\t\t\t<h1 class=\"elementor-heading-title elementor-size-default\">Pol\u00edtica de privacidad<\/h1>\t\t\t\t<\/div>\n\t\t\t\t<\/div>\n\t\t\t\t<\/div>\n\t\t\t\t<\/div>\n\t\t<div class=\"elementor-element elementor-element-a2c76d0 e-con-full e-flex e-con e-parent\" data-id=\"a2c76d0\" data-element_type=\"container\" data-e-type=\"container\">\n\t\t\t\t<div class=\"elementor-element elementor-element-a7f9996 elementor-widget elementor-widget-text-editor\" data-id=\"a7f9996\" data-element_type=\"widget\" data-e-type=\"widget\" data-widget_type=\"text-editor.default\">\n\t\t\t\t<div class=\"elementor-widget-container\">\n\t\t\t\t\t\t\t\t\t<p><span style=\"color: #005ffb;\">En cumplimiento del Cap\u00edtulo II de la ley 34\/2002, LSSICE, les informamos que la presente p\u00e1gina web es propiedad de EAB PERFOAQUA , de ahora en adelante tambi\u00e9n el prestamista, domiciliada en C\/ CAMI DE LA TOLOSA, 9 POL.IND SOT DE LOS PRADALES 08500 VIC (BARCELONA), Tel\u00e9fono: 663073998 y email info@perfoaqua.com.<\/span><\/p><p><span style=\"color: #005ffb;\">EAB PERFOAQUA, como responsable de este sitio web y de conformidad con lo dispuesto en la normativa vigente en materia de protecci\u00f3n de datos personales, el Reglamento (UE) 2016\/679 de 27 de abril de 2016 (RGPD) relativo a la protecci\u00f3n de las personas f\u00edsicas en cuanto al tratamiento de datos personales ya la libre circulaci\u00f3n de estos datos, la Ley Org\u00e1nica 3\/2018, de 5 de diciembre, de protecci\u00f3n de datos de car\u00e1cter personal (LOPDGDD) y por la Ley 34\/ 2002, de 11 de julio, de Servicios de la Sociedad de la Informaci\u00f3n y del Comercio Electr\u00f3nico (LSSICE), tiene implementadas todas las medidas de seguridad, de \u00edndole t\u00e9cnica y organizativas para garantizar y proteger la confidencialidad, integridad y disponibilidad de los datos introducidas.<\/span><\/p><p><span style=\"color: #005ffb;\">A efectos de lo previsto en la LOPDGDD, EAB PERFOAQUA le informa que los datos que voluntariamente nos est\u00e1 facilitando ser\u00e1n incorporados a nuestros sistemas de informaci\u00f3n para realizar las gestiones comerciales y administrativas necesarias con los usuarios de la web; Las operaciones previstas para realizar los tratamientos son los siguientes: responder a las consultas y\/o proporcionar informaciones requeridas por el Usuario; realizar las prestaciones de servicios y\/o productos contratados o suscritos por el Usuario; realizar todas aquellas actividades propias de EAB PERFOAQUA por el presente aviso legal rese\u00f1adas y remitir el bolet\u00edn de noticias de la p\u00e1gina web.<\/span><\/p><p><span style=\"color: #005ffb;\">El firmante garantiza la veracidad de los datos aportados y se compromete a comunicar cualquier cambio que se produzca en los mismos.<\/span><\/p><p><span style=\"color: #005ffb;\">El prestamista, mediante asterisco (*) en las casillas correspondientes del formulario de contacto, le informa de esta obligatoriedad al Usuario, indicando qu\u00e9 datos son necesarios. Mediante la indicaci\u00f3n e introducci\u00f3n de los datos, el Usuario otorga el consentimiento inequ\u00edvoco a EAB PERFOAQUA para que proceda al tratamiento de los datos facilitados en pro de los fines citados.<\/span><\/p><p><span style=\"color: #005ffb;\">El no facilitar los datos personales solicitados o no aceptar la presente pol\u00edtica de protecci\u00f3n de datos supone la imposibilidad de suscribir, registrar o recibir informaci\u00f3n de los productos y servicios del prestador.<\/span><\/p><p><span style=\"color: #005ffb;\">De conformidad con lo dispuesto en las normativas vigentes en protecci\u00f3n de datos personales, el prestamista est\u00e1 cumpliendo con todas las disposiciones de las normativas RGPD y LOPDGDD para el tratamiento de los datos personales de su responsabilidad, y manifiestamente con los principios descritos en el arte. 5 del RGPD y el art. 4 de la LOPD, por los que son tratados de forma l\u00edcita, leal y transparente en relaci\u00f3n con el interesado y adecuadas, pertinentes y limitados a lo necesario en relaci\u00f3n con los fines para los que son tratados.<\/span><\/p><p><span style=\"color: #005ffb;\">El RESPONSABLE garantiza que ha implementado pol\u00edticas t\u00e9cnicas y organizativas apropiadas para aplicar las medidas de seguridad establecidas por el RGPD y la LOPDGDD para proteger los derechos y libertades de los Usuarios.<\/span><\/p><p><span style=\"color: #005ffb;\">De acuerdo con estas normativas, pues, le informamos que tiene derecho a solicitar el acceso, rectificaci\u00f3n, portabilidad y supresi\u00f3n de sus datos y la limitaci\u00f3n y oposici\u00f3n a su tratamiento dirigi\u00e9ndose a C\/ CAMI DE LA TOLOSA , 9 POL.IND SOT DE LOS PRADALES 08500 VIC (BARCELONA), enviando un correo electr\u00f3nico a info@perfoaqua.com. indicando como Asunto: \u00abLOPD, Derechos ARCO\u00bb, y adjuntando fotocopia de su DNI o cualquier medio an\u00e1logo en derecho, tal y como indica la ley. Tiene derecho a retirar el consentimiento dado en cualquier momento. La retirada del consentimiento no afectar\u00e1 a la licitud del tratamiento efectuado antes de la retirada del consentimiento. Tambi\u00e9n tiene derecho a presentar una reclamaci\u00f3n ante la autoridad de control si considera que pueden haberse visto vulnerados sus derechos en relaci\u00f3n con la protecci\u00f3n de sus datos (agpd.es).<\/span><\/p><p><strong><span style=\"color: #005ffb;\">CONFIDENCIALIDAD Y CESI\u00d3N DE DATOS A TERCEROS<\/span><\/strong><\/p><p><span style=\"color: #005ffb;\">Los datos que nos facilite se tratar\u00e1n de forma confidencial. El prestamista ha adoptado todas las medidas t\u00e9cnicas y organizativas y todos los niveles de protecci\u00f3n necesarios para garantizar la seguridad en el tratamiento de los datos y evitar su alteraci\u00f3n, p\u00e9rdida, robo, tratamiento o acceso no autorizado, de acuerdo el estado de la tecnolog\u00eda y naturaleza de los datos almacenados. Asimismo, se garantiza tambi\u00e9n que el tratamiento y registro en ficheros, programas, sistemas o equipos, locales y centros cumplen con los requisitos y condiciones de integridad y seguridad establecidas en la normativa vigente.<\/span><\/p><p><span style=\"color: #005ffb;\">EAB PERFOAQUA no ceder\u00e1 los datos personales a terceros, salvo por obligaci\u00f3n legal. Sin embargo, en el caso de ser cedidos a alg\u00fan tercero se producir\u00eda una informaci\u00f3n previa solicitando el consentimiento expreso por tal cesi\u00f3n. La entidad responsable de la base de datos, as\u00ed como los que intervengan en cualquier fase del tratamiento y\/o las entidades a las que se les haya comunicado -en todo caso siempre con la correspondiente autorizaci\u00f3n otorgada por el usuario-, est\u00e1n obligadas a observar el secreto profesional ya la adopci\u00f3n de los niveles de protecci\u00f3n y las medidas t\u00e9cnicas y organizativas necesarias a su alcance para garantizar la seguridad de los datos de car\u00e1cter personal, evitando, en la medida de lo posible, accesos no autorizados, modificaciones il\u00edcitas , sustracciones y\/o la p\u00e9rdida de los datos,<\/span><\/p><p><strong><span style=\"color: #005ffb;\">ACEPTACI\u00d3N Y CONSENTIMIENTO<\/span><\/strong><\/p><p><span style=\"color: #005ffb;\">El Usuario declara haber sido informado de las condiciones sobre protecci\u00f3n de datos de car\u00e1cter personal, aceptando y consintiendo el tratamiento automatizado de los mismos por parte de EAB PERFOAQUA en la forma y fines indicados en la presente Pol\u00edtica de Protecci\u00f3n de Datos Personales.<\/span><\/p><p><span style=\"color: #005ffb;\">A trav\u00e9s de esta pol\u00edtica de privacidad le informamos que las fotograf\u00edas que est\u00e9n colgadas en la web son propiedad de EAB PERFOAQUA, incluyendo las de los menores, en las que, para su obtenci\u00f3n, se ha obtenido el consentimiento previo de los padres, tutores o representantes legales mediante la firma de los formularios realizados al efecto. Sin embargo, los padres, tutores o representantes de los menores, como titulares del ejercicio de los derechos de \u00e9stos, y siempre previo requerimiento formal por escrito, pueden indicar la negativa al uso de la imagen del menor; en este caso, la imagen se mostrar\u00e1 pixelada.<\/span><\/p><p><strong><span style=\"color: #005ffb;\">EXACTITUD Y VERACIDAD DE LOS DATOS<\/span><\/strong><\/p><p><span style=\"color: #005ffb;\">El usuario es el \u00fanico responsable de la veracidad y correcci\u00f3n de los datos que remita EAB PERFOAQUA , exonerando a prestador de cualquier responsabilidad al respecto. Los usuarios garantizan y responden, en cualquier caso, de la exactitud, vigencia y autenticidad de los datos personales facilitados, comprometi\u00e9ndose a mantenerlos debidamente actualizados. El usuario acepta proporcionar informaci\u00f3n completa y correcta en el formulario de registro o suscripci\u00f3n.<\/span><\/p>\t\t\t\t\t\t\t\t<\/div>\n\t\t\t\t<\/div>\n\t\t\t\t<\/div>\n\t\t\t\t<\/div>\n\t\t","protected":false},"excerpt":{"rendered":"<p>Pol\u00edtica de privacidad En cumplimiento del Cap\u00edtulo II de la ley 34\/2002, LSSICE, les informamos que la presente p\u00e1gina web es propiedad de EAB PERFOAQUA , de ahora en adelante tambi\u00e9n el prestamista, domiciliada en C\/ CAMI DE LA TOLOSA, 9 POL.IND SOT DE LOS PRADALES 08500 VIC (BARCELONA), Tel\u00e9fono: 663073998 y email info@perfoaqua.com. EAB [&hellip;]<\/p>\n","protected":false},"author":3,"featured_media":0,"parent":0,"menu_order":0,"comment_status":"closed","ping_status":"open","template":"elementor_header_footer","meta":{"footnotes":""},"class_list":["post-5088","page","type-page","status-publish","hentry"],"yoast_head":"<!-- This site is optimized with the Yoast SEO plugin v27.3 - https:\/\/yoast.com\/product\/yoast-seo-wordpress\/ -->\n<title>Pol\u00edtica de privacidad<\/title>\n<meta name=\"description\" content=\"Lee nuestra pol\u00edtica de privacidad para entender c\u00f3mo protegemos tus datos personales y garantizamos su tratamiento seguro.\" \/>\n<meta name=\"robots\" content=\"index, follow, max-snippet:-1, max-image-preview:large, max-video-preview:-1\" \/>\n<link rel=\"canonical\" href=\"https:\/\/perfoaqua.com\/es\/politica-de-privacidad\/\" \/>\n<meta property=\"og:locale\" content=\"es_ES\" \/>\n<meta property=\"og:type\" content=\"article\" \/>\n<meta property=\"og:title\" content=\"Pol\u00edtica de privacidad\" \/>\n<meta property=\"og:description\" content=\"Lee nuestra pol\u00edtica de privacidad para entender c\u00f3mo protegemos tus datos personales y garantizamos su tratamiento seguro.\" \/>\n<meta property=\"og:url\" content=\"https:\/\/perfoaqua.com\/es\/politica-de-privacidad\/\" \/>\n<meta property=\"og:site_name\" content=\"Perfoaqua\" \/>\n<meta property=\"article:modified_time\" content=\"2025-06-11T09:47:52+00:00\" \/>\n<meta name=\"twitter:card\" content=\"summary_large_image\" \/>\n<meta name=\"twitter:label1\" content=\"Tiempo de lectura\" \/>\n\t<meta name=\"twitter:data1\" content=\"6 minutos\" \/>\n<script type=\"application\/ld+json\" class=\"yoast-schema-graph\">{\"@context\":\"https:\\\/\\\/schema.org\",\"@graph\":[{\"@type\":\"WebPage\",\"@id\":\"https:\\\/\\\/perfoaqua.com\\\/es\\\/politica-de-privacidad\\\/\",\"url\":\"https:\\\/\\\/perfoaqua.com\\\/es\\\/politica-de-privacidad\\\/\",\"name\":\"Pol\u00edtica de privacidad\",\"isPartOf\":{\"@id\":\"https:\\\/\\\/perfoaqua.com\\\/es\\\/#website\"},\"datePublished\":\"2024-11-19T08:36:17+00:00\",\"dateModified\":\"2025-06-11T09:47:52+00:00\",\"description\":\"Lee nuestra pol\u00edtica de privacidad para entender c\u00f3mo protegemos tus datos personales y garantizamos su tratamiento seguro.\",\"breadcrumb\":{\"@id\":\"https:\\\/\\\/perfoaqua.com\\\/es\\\/politica-de-privacidad\\\/#breadcrumb\"},\"inLanguage\":\"es\",\"potentialAction\":[{\"@type\":\"ReadAction\",\"target\":[\"https:\\\/\\\/perfoaqua.com\\\/es\\\/politica-de-privacidad\\\/\"]}]},{\"@type\":\"BreadcrumbList\",\"@id\":\"https:\\\/\\\/perfoaqua.com\\\/es\\\/politica-de-privacidad\\\/#breadcrumb\",\"itemListElement\":[{\"@type\":\"ListItem\",\"position\":1,\"name\":\"Portada\",\"item\":\"https:\\\/\\\/perfoaqua.com\\\/es\\\/\"},{\"@type\":\"ListItem\",\"position\":2,\"name\":\"Pol\u00edtica de privacidad\"}]},{\"@type\":\"WebSite\",\"@id\":\"https:\\\/\\\/perfoaqua.com\\\/es\\\/#website\",\"url\":\"https:\\\/\\\/perfoaqua.com\\\/es\\\/\",\"name\":\"Perfoaqua\",\"description\":\"\",\"publisher\":{\"@id\":\"https:\\\/\\\/perfoaqua.com\\\/es\\\/#organization\"},\"potentialAction\":[{\"@type\":\"SearchAction\",\"target\":{\"@type\":\"EntryPoint\",\"urlTemplate\":\"https:\\\/\\\/perfoaqua.com\\\/es\\\/?s={search_term_string}\"},\"query-input\":{\"@type\":\"PropertyValueSpecification\",\"valueRequired\":true,\"valueName\":\"search_term_string\"}}],\"inLanguage\":\"es\"},{\"@type\":\"Organization\",\"@id\":\"https:\\\/\\\/perfoaqua.com\\\/es\\\/#organization\",\"name\":\"Projectes de perforaci\u00f3 de pous d'aigua\",\"url\":\"https:\\\/\\\/perfoaqua.com\\\/es\\\/\",\"logo\":{\"@type\":\"ImageObject\",\"inLanguage\":\"es\",\"@id\":\"https:\\\/\\\/perfoaqua.com\\\/es\\\/#\\\/schema\\\/logo\\\/image\\\/\",\"url\":\"https:\\\/\\\/perfoaqua.com\\\/wp-content\\\/uploads\\\/2025\\\/12\\\/isotip.png\",\"contentUrl\":\"https:\\\/\\\/perfoaqua.com\\\/wp-content\\\/uploads\\\/2025\\\/12\\\/isotip.png\",\"width\":350,\"height\":350,\"caption\":\"Projectes de perforaci\u00f3 de pous d'aigua\"},\"image\":{\"@id\":\"https:\\\/\\\/perfoaqua.com\\\/es\\\/#\\\/schema\\\/logo\\\/image\\\/\"},\"sameAs\":[\"https:\\\/\\\/www.instagram.com\\\/perfoaqua.com_\\\/\"]}]}<\/script>\n<!-- \/ Yoast SEO plugin. -->","yoast_head_json":{"title":"Pol\u00edtica de privacidad","description":"Lee nuestra pol\u00edtica de privacidad para entender c\u00f3mo protegemos tus datos personales y garantizamos su tratamiento seguro.","robots":{"index":"index","follow":"follow","max-snippet":"max-snippet:-1","max-image-preview":"max-image-preview:large","max-video-preview":"max-video-preview:-1"},"canonical":"https:\/\/perfoaqua.com\/es\/politica-de-privacidad\/","og_locale":"es_ES","og_type":"article","og_title":"Pol\u00edtica de privacidad","og_description":"Lee nuestra pol\u00edtica de privacidad para entender c\u00f3mo protegemos tus datos personales y garantizamos su tratamiento seguro.","og_url":"https:\/\/perfoaqua.com\/es\/politica-de-privacidad\/","og_site_name":"Perfoaqua","article_modified_time":"2025-06-11T09:47:52+00:00","twitter_card":"summary_large_image","twitter_misc":{"Tiempo de lectura":"6 minutos"},"schema":{"@context":"https:\/\/schema.org","@graph":[{"@type":"WebPage","@id":"https:\/\/perfoaqua.com\/es\/politica-de-privacidad\/","url":"https:\/\/perfoaqua.com\/es\/politica-de-privacidad\/","name":"Pol\u00edtica de privacidad","isPartOf":{"@id":"https:\/\/perfoaqua.com\/es\/#website"},"datePublished":"2024-11-19T08:36:17+00:00","dateModified":"2025-06-11T09:47:52+00:00","description":"Lee nuestra pol\u00edtica de privacidad para entender c\u00f3mo protegemos tus datos personales y garantizamos su tratamiento seguro.","breadcrumb":{"@id":"https:\/\/perfoaqua.com\/es\/politica-de-privacidad\/#breadcrumb"},"inLanguage":"es","potentialAction":[{"@type":"ReadAction","target":["https:\/\/perfoaqua.com\/es\/politica-de-privacidad\/"]}]},{"@type":"BreadcrumbList","@id":"https:\/\/perfoaqua.com\/es\/politica-de-privacidad\/#breadcrumb","itemListElement":[{"@type":"ListItem","position":1,"name":"Portada","item":"https:\/\/perfoaqua.com\/es\/"},{"@type":"ListItem","position":2,"name":"Pol\u00edtica de privacidad"}]},{"@type":"WebSite","@id":"https:\/\/perfoaqua.com\/es\/#website","url":"https:\/\/perfoaqua.com\/es\/","name":"Perfoaqua","description":"","publisher":{"@id":"https:\/\/perfoaqua.com\/es\/#organization"},"potentialAction":[{"@type":"SearchAction","target":{"@type":"EntryPoint","urlTemplate":"https:\/\/perfoaqua.com\/es\/?s={search_term_string}"},"query-input":{"@type":"PropertyValueSpecification","valueRequired":true,"valueName":"search_term_string"}}],"inLanguage":"es"},{"@type":"Organization","@id":"https:\/\/perfoaqua.com\/es\/#organization","name":"Projectes de perforaci\u00f3 de pous d'aigua","url":"https:\/\/perfoaqua.com\/es\/","logo":{"@type":"ImageObject","inLanguage":"es","@id":"https:\/\/perfoaqua.com\/es\/#\/schema\/logo\/image\/","url":"https:\/\/perfoaqua.com\/wp-content\/uploads\/2025\/12\/isotip.png","contentUrl":"https:\/\/perfoaqua.com\/wp-content\/uploads\/2025\/12\/isotip.png","width":350,"height":350,"caption":"Projectes de perforaci\u00f3 de pous d'aigua"},"image":{"@id":"https:\/\/perfoaqua.com\/es\/#\/schema\/logo\/image\/"},"sameAs":["https:\/\/www.instagram.com\/perfoaqua.com_\/"]}]}},"_links":{"self":[{"href":"https:\/\/perfoaqua.com\/es\/wp-json\/wp\/v2\/pages\/5088","targetHints":{"allow":["GET"]}}],"collection":[{"href":"https:\/\/perfoaqua.com\/es\/wp-json\/wp\/v2\/pages"}],"about":[{"href":"https:\/\/perfoaqua.com\/es\/wp-json\/wp\/v2\/types\/page"}],"author":[{"embeddable":true,"href":"https:\/\/perfoaqua.com\/es\/wp-json\/wp\/v2\/users\/3"}],"replies":[{"embeddable":true,"href":"https:\/\/perfoaqua.com\/es\/wp-json\/wp\/v2\/comments?post=5088"}],"version-history":[{"count":1,"href":"https:\/\/perfoaqua.com\/es\/wp-json\/wp\/v2\/pages\/5088\/revisions"}],"predecessor-version":[{"id":9727,"href":"https:\/\/perfoaqua.com\/es\/wp-json\/wp\/v2\/pages\/5088\/revisions\/9727"}],"wp:attachment":[{"href":"https:\/\/perfoaqua.com\/es\/wp-json\/wp\/v2\/media?parent=5088"}],"curies":[{"name":"wp","href":"https:\/\/api.w.org\/{rel}","templated":true}]}}