{"id":5090,"date":"2024-11-19T09:42:12","date_gmt":"2024-11-19T08:42:12","guid":{"rendered":"http:\/\/perfoaqua.com\/?page_id=5090"},"modified":"2025-06-11T11:48:12","modified_gmt":"2025-06-11T09:48:12","slug":"politica-de-cookies","status":"publish","type":"page","link":"https:\/\/perfoaqua.com\/es\/politica-de-cookies\/","title":{"rendered":"Pol\u00edtica de cookies"},"content":{"rendered":"\t\t<div data-elementor-type=\"wp-page\" data-elementor-id=\"5090\" class=\"elementor elementor-5090 elementor-2221\">\n\t\t\t\t<div class=\"elementor-element elementor-element-b0e851e e-con-full e-flex e-con e-parent\" data-id=\"b0e851e\" data-element_type=\"container\" data-e-type=\"container\">\n\t\t<div class=\"elementor-element elementor-element-6bfd678 e-con-full e-flex e-con e-child\" data-id=\"6bfd678\" data-element_type=\"container\" data-e-type=\"container\">\n\t\t\t\t<div class=\"elementor-element elementor-element-2c9ea80 elementor-widget elementor-widget-heading\" data-id=\"2c9ea80\" data-element_type=\"widget\" data-e-type=\"widget\" data-widget_type=\"heading.default\">\n\t\t\t\t<div class=\"elementor-widget-container\">\n\t\t\t\t\t<h1 class=\"elementor-heading-title elementor-size-default\">Pol\u00edtica de cookies<\/h1>\t\t\t\t<\/div>\n\t\t\t\t<\/div>\n\t\t\t\t<\/div>\n\t\t\t\t<\/div>\n\t\t<div class=\"elementor-element elementor-element-a2c76d0 e-con-full e-flex e-con e-parent\" data-id=\"a2c76d0\" data-element_type=\"container\" data-e-type=\"container\">\n\t\t\t\t<div class=\"elementor-element elementor-element-a7f9996 elementor-widget elementor-widget-text-editor\" data-id=\"a7f9996\" data-element_type=\"widget\" data-e-type=\"widget\" data-widget_type=\"text-editor.default\">\n\t\t\t\t<div class=\"elementor-widget-container\">\n\t\t\t\t\t\t\t\t\t<p><strong>ANTECEDENTES<\/strong><\/p><p>De conformidad con la normativa espa\u00f1ola que regula el uso de cookies en relaci\u00f3n a la prestaci\u00f3n de servicios de comunicaciones electr\u00f3nicas, recogida en el Real Decreto Ley 13\/2012 de 30 de marzo, le informamos sobre las cookies utilizadas en el sitio web de EAB PERFOAQUA (tambi\u00e9n el prestamista) y el motivo de su uso. Asimismo, le informa que al navegar en el Sitio Web usted est\u00e1 prestando su consentimiento para poder utilizarlas.<\/p><p><strong>\u00bfQU\u00c9 SON LAS COOKIES?<\/strong><\/p><p>Una cookie es un archivo que se descarga en su ordenador al acceder a determinadas p\u00e1ginas web. Las cookies permiten a una p\u00e1gina web, entre otras cosas, almacenar y recuperar informaci\u00f3n sobre los h\u00e1bitos de navegaci\u00f3n de un usuario o de su equipo y, dependiendo de la informaci\u00f3n que contengan y de la forma en que utilice su equipo, se pueden utilizar para reconocer al usuario. Las cookies se asocian \u00fanicamente a un usuario an\u00f3nimo y su ordenador o dispositivo y no proporcionan referencias que permitan conocer sus datos personales.<\/p><p><strong>COOKIES AFECTADAS POR LA NORMATIVA Y COOKIES EXENTAS<\/strong><\/p><p>Seg\u00fan la directiva de la UE, las cookies que requieren el consentimiento informado por parte del usuario son las cookies de anal\u00edtica y las de publicidad y afiliaci\u00f3n, quedando exceptuadas las de car\u00e1cter t\u00e9cnico y las necesarias para el funcionamiento del sitio web o la prestaci\u00f3n de servicios expresamente demandados por el usuario.<\/p><p><strong>TIPO DE COOKIES<\/strong><\/p><p>a) Seg\u00fan la entidad que las gestione, existen cookies propias (aquellas que se env\u00edan al equipo terminal del usuario desde un equipo o dominio gestionado por el propio editor y desde el que se presta el servicio Sol. licitado por el usuario) y de terceros (las que se env\u00edan al equipo terminal del usuario desde un equipo o dominio que no es gestionado por el editor, sino por otra entidad que trata los datos obtenidos mediante las cookies).<br \/>b) Seg\u00fan el tiempo que permanecen activas, existen las de sesi\u00f3n (dise\u00f1adas para pedir y almacenar datos mientras el usuario accede a una p\u00e1gina web) y las persistentes (en las que los datos se almacenan en el terminal y pueden ser accedidos y tratados durante un per\u00edodo definido por el responsable de la galleta -puede ir de unos minutos a varios a\u00f1os-).<br \/>c) Seg\u00fan la finalidad para la que tratan la informaci\u00f3n que recopilan, pueden ser:<\/p><p>&#8211; Cookies t\u00e9cnicas (necesarias para el uso de la web y la prestaci\u00f3n del servicio contratado),<\/p><p>&#8211; Cookies de personalizaci\u00f3n (que permiten al usuario acceder al servicio con caracter\u00edsticas predefinidas, como el idioma, tipos de navegador, configuraci\u00f3n regional, etc.)<\/p><p>&#8211; Cookies de an\u00e1lisis (recogen informaci\u00f3n el uso que se realiza de la web),<\/p><p>&#8211; Cookies publicitarias (recogen informaci\u00f3n sobre las preferencias y elecciones personales de los usuarios),<\/p><p>&#8211; Cookies de afiliados (permiten realizar un seguimiento de las visitas procedentes de otras webs, con las que el sitio web establece un contrato de afiliaci\u00f3n).<\/p><p><strong>TIPO DE COOKIES UTILIZADAS PARA ESTE SITIO WEB<\/strong><\/p><p>Las cookies utilizadas en nuestro sitio web son de sesi\u00f3n y de terceros nos permiten almacenar y acceder a informaci\u00f3n relativa al idioma, el tipo de navegador utilizado y otras caracter\u00edsticas generales predefinidas por el usuario, as\u00ed como seguir y analizar la actividad que lleva a cabo para mejorar y prestar nuestros servicios de una forma m\u00e1s eficiente y personalizada. Las cookies utilizadas tienen, en cualquier caso, car\u00e1cter temporal, con la \u00fanica finalidad de hacer m\u00e1s eficaz la navegaci\u00f3n. En ning\u00fan caso estas cookies proporcionan por s\u00ed mismas datos de car\u00e1cter personal y no se utilizan para la recogida de los mismos.<\/p><p>La utilizaci\u00f3n de las cookies ofrece ventajas como:<\/p><p>&#8211; facilita al usuario la navegaci\u00f3n y el acceso a los distintos servicios que ofrece este sitio web;<\/p><p>&#8211; evita al usuario tener que configurar las caracter\u00edsticas generales predefinidas cada vez que accede al sitio web; y<\/p><p>&#8211; favorece la mejora del funcionamiento y de los servicios prestados a trav\u00e9s de este sitio web, despu\u00e9s del correspondiente an\u00e1lisis de la informaci\u00f3n obtenida a trav\u00e9s de las cookies instaladas.<\/p><p>Al acceder a nuestra web se le informa que, si sigue navegando se le instalar\u00e1n varias cookies de terceros consintiendo as\u00ed la instalaci\u00f3n de determinadas cookies que tendr\u00e1n como \u00fanica finalidad la de registrar el acceso a nuestro sitio web para la realizaci\u00f3n de estad\u00edsticas an\u00f3nimas sobre las visitas, recopilando informaci\u00f3n siempre de forma an\u00f3nima. No es necesario que acepte la instalaci\u00f3n de estas cookies, puede navegar igualmente por toda nuestra web.<\/p><p>En diversas secciones de nuestra web se podr\u00e1n instalar cookies de redes sociales, en concreto las siguientes:<\/p><p>Cookie de Twitter, seg\u00fan lo dispuesto en su pol\u00edtica de privacidad y uso de cookies.<br \/>Cookie de Facebook, seg\u00fan lo dispuesto en su pol\u00edtica de cookies.<br \/>Cookie de Linkedin, seg\u00fan lo dispuesto en su p\u00e1gina sobre el uso de las cookies.<br \/>Cookie de Google+ y Google Maps, seg\u00fan lo dispuesto en su p\u00e1gina sobre qu\u00e9 tipo de cookies utilizan.<\/p><p><strong>REVOCACI\u00d3N<\/strong><\/p><p>En todo momento podr\u00e1 acceder a la configuraci\u00f3n de su navegador aceptando o rechazando todas las cookies, o bien seleccionar aquellas cuya instalaci\u00f3n admite y cu\u00e1les no, siguiendo uno de los siguientes procedimientos, que depende del navegador que utilice:<\/p><p>Google Chrome (En el Men\u00fa Herramientas):<\/p><p>Configuraci\u00f3n&gt; Muestra opciones avanzadas&gt; Privacidad (Configuraci\u00f3n de contenido)&gt; Cookies: https:\/\/support.google.com\/chrome\/answer\/95647?co=GENIE.Platform%3DDesktopandhl=es<\/p><p>Microsoft Internet Explorer (En el Men\u00fa Herramientas):<\/p><p>Opciones de Internet&gt; Privacidad&gt; Avanzada: https:\/\/support.microsoft.com\/es-es\/help\/17442\/windows-internet-explorer-delete-manage-cookies<\/p><p>Firefox:<\/p><p>Opciones&gt; Privacidad&gt; Cookies: https:\/\/support.mozilla.org\/es\/kb\/habilitar-y-deshabilitar-cookies-sitios-web-rastrear-preferencias<\/p><p>Safari, iPad e iPhone:<\/p><p>Preferencias&gt; Privacidad: https:\/\/support.apple.com\/kb\/ph21411?locale=es_ES<\/p><p>Opera:<br \/>Configuraci\u00f3n&gt; Opciones&gt; Avanzado&gt; Cookies: http:\/\/help.opera.com\/Windows\/12.00\/es-ES\/cookies.html<\/p><p>Estos navegadores est\u00e1n sometidos a actualizaciones o modificaciones, por lo que no podemos garantizar que se ajusten por completo a la versi\u00f3n de su navegador. Tambi\u00e9n puede que utilice otro navegador no contemplado en estos enlaces como Konqueror, Arora, Flock, etc. Para evitar estos desajustes, puede acceder directamente desde las opciones de su navegador, generalmente en el men\u00fa de \u00abOpciones\u00bb en la secci\u00f3n de \u00abPrivacidad\u00bb. (Por favor, consulte la ayuda de su navegador para m\u00e1s informaci\u00f3n).<\/p><p><strong>DESACTIVACI\u00d3N \/ ACTIVACI\u00d3N Y ELIMINACI\u00d3N DE COOKIES<\/strong><\/p><p>Para restringir o bloquear las cookies, se realiza a trav\u00e9s de la configuraci\u00f3n del navegador.<\/p><p>Si no desea que los sitios web pongan ninguna cookie en su equipo, puede adaptar la configuraci\u00f3n del navegador de forma que se le notifique antes de que se coloque ninguna cookie. Del mismo modo, puede adaptar la configuraci\u00f3n de forma que el navegador rechace todas las cookies, o \u00fanicamente las cookies de terceros. Tambi\u00e9n puede eliminar cualquiera de las cookies que ya se encuentren en su equipo. Recuerde que deber\u00e1 adaptarse por separado la configuraci\u00f3n de cada navegador y equipo que utilice.<\/p><p>Recuerde que si no desea recibir cookies, ya no podremos garantizar que nuestro sitio web funcione como es debido. Puede que algunas funciones del sitio se pierdan y es posible que ya no pueda ver ciertos sitios web. Adem\u00e1s, rechazar las cookies no significa que ya no vaya a ver anuncios publicitarios. Simplemente los anuncios no se ajustar\u00e1n a sus intereses y se repetir\u00e1n con mayor frecuencia.<\/p><p>Cada navegador tiene un m\u00e9todo distinto para adaptar la configuraci\u00f3n. Si es necesario, consulte la funci\u00f3n de ayuda del navegador para establecer la configuraci\u00f3n correcta.<\/p><p>Para desactivar las cookies en el tel\u00e9fono m\u00f3vil, consulte el manual del dispositivo para obtener m\u00e1s informaci\u00f3n.<\/p><p>Puede obtener m\u00e1s informaci\u00f3n sobre las cookies en Internet, http:\/\/www.aboutcookies.org\/.<\/p><p>Teniendo en cuenta la forma en la que funciona Internet y los sitios web, no siempre contamos con informaci\u00f3n de las cookies que colocan terceras partes a trav\u00e9s de nuestro sitio web. Esto se aplica especialmente a casos en los que nuestra p\u00e1gina web contiene lo que se denominan elementos integrados: textos, documentos, im\u00e1genes o breves pel\u00edculas que se almacenan en otra parte, pero se muestran en nuestro sitio web oa trav\u00e9s del mismo.<\/p><p>Por tanto, en caso de que se encuentre con este tipo de cookies en este sitio web y no est\u00e9n enumeradas en la lista anterior, le rogamos que nos lo comunique. O bien p\u00f3ngase en contacto directamente con el tercero para pedirle informaci\u00f3n sobre las cookies que coloca, la finalidad y la duraci\u00f3n de la cookie, y c\u00f3mo ha garantizado su privacidad.<\/p>\t\t\t\t\t\t\t\t<\/div>\n\t\t\t\t<\/div>\n\t\t\t\t<\/div>\n\t\t\t\t<\/div>\n\t\t","protected":false},"excerpt":{"rendered":"<p>Pol\u00edtica de cookies ANTECEDENTES De conformidad con la normativa espa\u00f1ola que regula el uso de cookies en relaci\u00f3n a la prestaci\u00f3n de servicios de comunicaciones electr\u00f3nicas, recogida en el Real Decreto Ley 13\/2012 de 30 de marzo, le informamos sobre las cookies utilizadas en el sitio web de EAB PERFOAQUA (tambi\u00e9n el prestamista) y el [&hellip;]<\/p>\n","protected":false},"author":3,"featured_media":0,"parent":0,"menu_order":0,"comment_status":"closed","ping_status":"open","template":"elementor_header_footer","meta":{"footnotes":""},"class_list":["post-5090","page","type-page","status-publish","hentry"],"yoast_head":"<!-- This site is optimized with the Yoast SEO plugin v27.3 - https:\/\/yoast.com\/product\/yoast-seo-wordpress\/ -->\n<title>Pol\u00edtica de cookies<\/title>\n<meta name=\"description\" content=\"Inf\u00f3rmate sobre el uso de cookies en nuestro sitio web y c\u00f3mo gestionarlas para mejorar tu experiencia de navegaci\u00f3n.\" \/>\n<meta name=\"robots\" content=\"index, follow, max-snippet:-1, max-image-preview:large, max-video-preview:-1\" \/>\n<link rel=\"canonical\" href=\"https:\/\/perfoaqua.com\/es\/politica-de-cookies\/\" \/>\n<meta property=\"og:locale\" content=\"es_ES\" \/>\n<meta property=\"og:type\" content=\"article\" \/>\n<meta property=\"og:title\" content=\"Pol\u00edtica de cookies\" \/>\n<meta property=\"og:description\" content=\"Inf\u00f3rmate sobre el uso de cookies en nuestro sitio web y c\u00f3mo gestionarlas para mejorar tu experiencia de navegaci\u00f3n.\" \/>\n<meta property=\"og:url\" content=\"https:\/\/perfoaqua.com\/es\/politica-de-cookies\/\" \/>\n<meta property=\"og:site_name\" content=\"Perfoaqua\" \/>\n<meta property=\"article:modified_time\" content=\"2025-06-11T09:48:12+00:00\" \/>\n<meta name=\"twitter:card\" content=\"summary_large_image\" \/>\n<meta name=\"twitter:label1\" content=\"Tiempo de lectura\" \/>\n\t<meta name=\"twitter:data1\" content=\"7 minutos\" \/>\n<script type=\"application\/ld+json\" class=\"yoast-schema-graph\">{\"@context\":\"https:\\\/\\\/schema.org\",\"@graph\":[{\"@type\":\"WebPage\",\"@id\":\"https:\\\/\\\/perfoaqua.com\\\/es\\\/politica-de-cookies\\\/\",\"url\":\"https:\\\/\\\/perfoaqua.com\\\/es\\\/politica-de-cookies\\\/\",\"name\":\"Pol\u00edtica de cookies\",\"isPartOf\":{\"@id\":\"https:\\\/\\\/perfoaqua.com\\\/es\\\/#website\"},\"datePublished\":\"2024-11-19T08:42:12+00:00\",\"dateModified\":\"2025-06-11T09:48:12+00:00\",\"description\":\"Inf\u00f3rmate sobre el uso de cookies en nuestro sitio web y c\u00f3mo gestionarlas para mejorar tu experiencia de navegaci\u00f3n.\",\"breadcrumb\":{\"@id\":\"https:\\\/\\\/perfoaqua.com\\\/es\\\/politica-de-cookies\\\/#breadcrumb\"},\"inLanguage\":\"es\",\"potentialAction\":[{\"@type\":\"ReadAction\",\"target\":[\"https:\\\/\\\/perfoaqua.com\\\/es\\\/politica-de-cookies\\\/\"]}]},{\"@type\":\"BreadcrumbList\",\"@id\":\"https:\\\/\\\/perfoaqua.com\\\/es\\\/politica-de-cookies\\\/#breadcrumb\",\"itemListElement\":[{\"@type\":\"ListItem\",\"position\":1,\"name\":\"Portada\",\"item\":\"https:\\\/\\\/perfoaqua.com\\\/es\\\/\"},{\"@type\":\"ListItem\",\"position\":2,\"name\":\"Pol\u00edtica de cookies\"}]},{\"@type\":\"WebSite\",\"@id\":\"https:\\\/\\\/perfoaqua.com\\\/es\\\/#website\",\"url\":\"https:\\\/\\\/perfoaqua.com\\\/es\\\/\",\"name\":\"Perfoaqua\",\"description\":\"\",\"publisher\":{\"@id\":\"https:\\\/\\\/perfoaqua.com\\\/es\\\/#organization\"},\"potentialAction\":[{\"@type\":\"SearchAction\",\"target\":{\"@type\":\"EntryPoint\",\"urlTemplate\":\"https:\\\/\\\/perfoaqua.com\\\/es\\\/?s={search_term_string}\"},\"query-input\":{\"@type\":\"PropertyValueSpecification\",\"valueRequired\":true,\"valueName\":\"search_term_string\"}}],\"inLanguage\":\"es\"},{\"@type\":\"Organization\",\"@id\":\"https:\\\/\\\/perfoaqua.com\\\/es\\\/#organization\",\"name\":\"Projectes de perforaci\u00f3 de pous d'aigua\",\"url\":\"https:\\\/\\\/perfoaqua.com\\\/es\\\/\",\"logo\":{\"@type\":\"ImageObject\",\"inLanguage\":\"es\",\"@id\":\"https:\\\/\\\/perfoaqua.com\\\/es\\\/#\\\/schema\\\/logo\\\/image\\\/\",\"url\":\"https:\\\/\\\/perfoaqua.com\\\/wp-content\\\/uploads\\\/2025\\\/12\\\/isotip.png\",\"contentUrl\":\"https:\\\/\\\/perfoaqua.com\\\/wp-content\\\/uploads\\\/2025\\\/12\\\/isotip.png\",\"width\":350,\"height\":350,\"caption\":\"Projectes de perforaci\u00f3 de pous d'aigua\"},\"image\":{\"@id\":\"https:\\\/\\\/perfoaqua.com\\\/es\\\/#\\\/schema\\\/logo\\\/image\\\/\"},\"sameAs\":[\"https:\\\/\\\/www.instagram.com\\\/perfoaqua.com_\\\/\"]}]}<\/script>\n<!-- \/ Yoast SEO plugin. -->","yoast_head_json":{"title":"Pol\u00edtica de cookies","description":"Inf\u00f3rmate sobre el uso de cookies en nuestro sitio web y c\u00f3mo gestionarlas para mejorar tu experiencia de navegaci\u00f3n.","robots":{"index":"index","follow":"follow","max-snippet":"max-snippet:-1","max-image-preview":"max-image-preview:large","max-video-preview":"max-video-preview:-1"},"canonical":"https:\/\/perfoaqua.com\/es\/politica-de-cookies\/","og_locale":"es_ES","og_type":"article","og_title":"Pol\u00edtica de cookies","og_description":"Inf\u00f3rmate sobre el uso de cookies en nuestro sitio web y c\u00f3mo gestionarlas para mejorar tu experiencia de navegaci\u00f3n.","og_url":"https:\/\/perfoaqua.com\/es\/politica-de-cookies\/","og_site_name":"Perfoaqua","article_modified_time":"2025-06-11T09:48:12+00:00","twitter_card":"summary_large_image","twitter_misc":{"Tiempo de lectura":"7 minutos"},"schema":{"@context":"https:\/\/schema.org","@graph":[{"@type":"WebPage","@id":"https:\/\/perfoaqua.com\/es\/politica-de-cookies\/","url":"https:\/\/perfoaqua.com\/es\/politica-de-cookies\/","name":"Pol\u00edtica de cookies","isPartOf":{"@id":"https:\/\/perfoaqua.com\/es\/#website"},"datePublished":"2024-11-19T08:42:12+00:00","dateModified":"2025-06-11T09:48:12+00:00","description":"Inf\u00f3rmate sobre el uso de cookies en nuestro sitio web y c\u00f3mo gestionarlas para mejorar tu experiencia de navegaci\u00f3n.","breadcrumb":{"@id":"https:\/\/perfoaqua.com\/es\/politica-de-cookies\/#breadcrumb"},"inLanguage":"es","potentialAction":[{"@type":"ReadAction","target":["https:\/\/perfoaqua.com\/es\/politica-de-cookies\/"]}]},{"@type":"BreadcrumbList","@id":"https:\/\/perfoaqua.com\/es\/politica-de-cookies\/#breadcrumb","itemListElement":[{"@type":"ListItem","position":1,"name":"Portada","item":"https:\/\/perfoaqua.com\/es\/"},{"@type":"ListItem","position":2,"name":"Pol\u00edtica de cookies"}]},{"@type":"WebSite","@id":"https:\/\/perfoaqua.com\/es\/#website","url":"https:\/\/perfoaqua.com\/es\/","name":"Perfoaqua","description":"","publisher":{"@id":"https:\/\/perfoaqua.com\/es\/#organization"},"potentialAction":[{"@type":"SearchAction","target":{"@type":"EntryPoint","urlTemplate":"https:\/\/perfoaqua.com\/es\/?s={search_term_string}"},"query-input":{"@type":"PropertyValueSpecification","valueRequired":true,"valueName":"search_term_string"}}],"inLanguage":"es"},{"@type":"Organization","@id":"https:\/\/perfoaqua.com\/es\/#organization","name":"Projectes de perforaci\u00f3 de pous d'aigua","url":"https:\/\/perfoaqua.com\/es\/","logo":{"@type":"ImageObject","inLanguage":"es","@id":"https:\/\/perfoaqua.com\/es\/#\/schema\/logo\/image\/","url":"https:\/\/perfoaqua.com\/wp-content\/uploads\/2025\/12\/isotip.png","contentUrl":"https:\/\/perfoaqua.com\/wp-content\/uploads\/2025\/12\/isotip.png","width":350,"height":350,"caption":"Projectes de perforaci\u00f3 de pous d'aigua"},"image":{"@id":"https:\/\/perfoaqua.com\/es\/#\/schema\/logo\/image\/"},"sameAs":["https:\/\/www.instagram.com\/perfoaqua.com_\/"]}]}},"_links":{"self":[{"href":"https:\/\/perfoaqua.com\/es\/wp-json\/wp\/v2\/pages\/5090","targetHints":{"allow":["GET"]}}],"collection":[{"href":"https:\/\/perfoaqua.com\/es\/wp-json\/wp\/v2\/pages"}],"about":[{"href":"https:\/\/perfoaqua.com\/es\/wp-json\/wp\/v2\/types\/page"}],"author":[{"embeddable":true,"href":"https:\/\/perfoaqua.com\/es\/wp-json\/wp\/v2\/users\/3"}],"replies":[{"embeddable":true,"href":"https:\/\/perfoaqua.com\/es\/wp-json\/wp\/v2\/comments?post=5090"}],"version-history":[{"count":2,"href":"https:\/\/perfoaqua.com\/es\/wp-json\/wp\/v2\/pages\/5090\/revisions"}],"predecessor-version":[{"id":9729,"href":"https:\/\/perfoaqua.com\/es\/wp-json\/wp\/v2\/pages\/5090\/revisions\/9729"}],"wp:attachment":[{"href":"https:\/\/perfoaqua.com\/es\/wp-json\/wp\/v2\/media?parent=5090"}],"curies":[{"name":"wp","href":"https:\/\/api.w.org\/{rel}","templated":true}]}}